{"id":701,"date":"2018-09-23T16:43:27","date_gmt":"2018-09-23T13:43:27","guid":{"rendered":"http:\/\/cover.fi\/?page_id=701"},"modified":"2018-10-10T12:10:34","modified_gmt":"2018-10-10T09:10:34","slug":"byggforetag","status":"publish","type":"page","link":"https:\/\/www.coverlasitus.fi\/sv\/proffs\/byggforetag\/","title":{"rendered":"Byggf\u00f6retag"},"content":{"rendered":"<div class=\"wpb-content-wrapper\">[mk_page_section bg_image=&#8221;http:\/\/cover.fi\/wp-content\/uploads\/2018\/09\/coverrus_picture-2_1.jpg&#8221; bg_color=&#8221;#eaeaea&#8221; bg_position=&#8221;center center&#8221; bg_repeat=&#8221;no-repeat&#8221; bg_stretch=&#8221;true&#8221; enable_3d=&#8221;true&#8221; min_height=&#8221;450&#8243; full_width=&#8221;true&#8221; padding_top=&#8221;0&#8243; padding_bottom=&#8221;40&#8243; sidebar=&#8221;sidebar-1&#8243;][vc_column][\/vc_column][\/mk_page_section][vc_row][vc_column width=&#8221;1\/6&#8243;][\/vc_column][vc_column width=&#8221;2\/3&#8243;][mk_padding_divider][vc_column_text css=&#8221;.vc_custom_1536049416072{margin-bottom: 0px !important;}&#8221;]\n<h1 style=\"text-align: center;\">Byggf\u00f6retag<\/h1>\n<h3 style=\"text-align: center;\">En gr\u00f6n oas i det urbana stadslandskapet<\/h3>\n[\/vc_column_text][vc_column_text css=&#8221;.vc_custom_1539162631344{margin-bottom: 0px !important;}&#8221;]\n<p style=\"text-align: center;\">Byggnadskulturen h\u00e5ller i m\u00e5nga l\u00e4nder p\u00e5 att utvecklas i en modernare riktning. I de stora metropolerna kan man i synnerhet l\u00e4gga m\u00e4rke till att balkongernas storlek har \u00f6kat liksom ocks\u00e5 anv\u00e4ndningen av glas i fasaderna. Detta \u00e4r en del av den allm\u00e4nna utvecklingen, d\u00e4r man vill ge inv\u00e5narna m\u00f6jligheten att skapa sin egen gr\u00f6na oas i den urbana stadsmilj\u00f6n.<\/p>\n<p style=\"text-align: center;\">Arkitekternas och planerarnas medvetenhet om denna trend v\u00e4xer runtom i v\u00e4rlden och byggf\u00f6retagen konkretiserar dessa nya innovativa tankar genom att bygga hus med futuristiska fasader som str\u00e4cker sig mot skyn. F\u00f6r att lyckas i sina m\u00e5ls\u00e4ttningar beh\u00f6ver byggf\u00f6retagen ocks\u00e5 produkter av h\u00f6g kvalitet samt p\u00e5litliga varuleverant\u00f6rer och underleverant\u00f6rer.<\/p>\n<p style=\"text-align: center;\">CoverGlobal Ltd vill f\u00f6r egen del vara en del av denna trend mot modernt och energieffektivt byggande genom att erbjuda byggf\u00f6retagen h\u00f6gkvalitativa och m\u00e5ngsidiga inglasningsl\u00f6sningar f\u00f6r balkonger och terrasser. Dessutom erbjuder vi ett flexibel servicepaket, som vid behov omfattar medverkan i den tekniska planeringen tillsammans med arkitekten, material-leveranser till projektet (tidtabellen anpassas till projektets fortskridande), underleverant\u00f6rsinstallation eller anordnande av installationsutbildning samt \u00f6vervakning av installationsarbetet (service- och leveranshelheten anpassas projektspecifikt).<\/p>\n<p style=\"text-align: center;\">Ta kontakt med v\u00e5r personal, s\u00e5 ber\u00e4ttar vi g\u00e4rna hur CoverGlobal Ltd kan medverka till att ert projekt lyckas!<br \/>\nErt,<br \/>\nCOVER-team<\/p>\n[\/vc_column_text][mk_padding_divider][\/vc_column][vc_column width=&#8221;1\/6&#8243;][\/vc_column][\/vc_row]\n<\/div>","protected":false},"excerpt":{"rendered":"<p>[mk_page_section bg_image=&#8221;http:\/\/cover.fi\/wp-content\/uploads\/2018\/09\/coverrus_picture-2_1.jpg&#8221; bg_color=&#8221;#eaeaea&#8221; bg_position=&#8221;center center&#8221; bg_repeat=&#8221;no-repeat&#8221; bg_stretch=&#8221;true&#8221; enable_3d=&#8221;true&#8221; min_height=&#8221;450&#8243; full_width=&#8221;true&#8221; padding_top=&#8221;0&#8243; padding_bottom=&#8221;40&#8243; sidebar=&#8221;sidebar-1&#8243;][vc_column][\/vc_column][\/mk_page_section][vc_row][vc_column width=&#8221;1\/6&#8243;][\/vc_column][vc_column width=&#8221;2\/3&#8243;][mk_padding_divider][vc_column_text css=&#8221;.vc_custom_1536049416072{margin-bottom: 0px !important;}&#8221;] Byggf\u00f6retag En gr\u00f6n oas i det urbana stadslandskapet [\/vc_column_text][vc_column_text css=&#8221;.vc_custom_1539162631344{margin-bottom: 0px !important;}&#8221;] Byggnadskulturen h\u00e5ller i m\u00e5nga l\u00e4nder p\u00e5 att utvecklas i en modernare riktning. I de stora metropolerna kan man i synnerhet l\u00e4gga m\u00e4rke till att balkongernas [&hellip;]<\/p>\n","protected":false},"author":1,"featured_media":0,"parent":696,"menu_order":0,"comment_status":"closed","ping_status":"closed","template":"","meta":{"footnotes":""},"class_list":["post-701","page","type-page","status-publish","hentry"],"_links":{"self":[{"href":"https:\/\/www.coverlasitus.fi\/sv\/wp-json\/wp\/v2\/pages\/701","targetHints":{"allow":["GET"]}}],"collection":[{"href":"https:\/\/www.coverlasitus.fi\/sv\/wp-json\/wp\/v2\/pages"}],"about":[{"href":"https:\/\/www.coverlasitus.fi\/sv\/wp-json\/wp\/v2\/types\/page"}],"author":[{"embeddable":true,"href":"https:\/\/www.coverlasitus.fi\/sv\/wp-json\/wp\/v2\/users\/1"}],"replies":[{"embeddable":true,"href":"https:\/\/www.coverlasitus.fi\/sv\/wp-json\/wp\/v2\/comments?post=701"}],"version-history":[{"count":0,"href":"https:\/\/www.coverlasitus.fi\/sv\/wp-json\/wp\/v2\/pages\/701\/revisions"}],"up":[{"embeddable":true,"href":"https:\/\/www.coverlasitus.fi\/sv\/wp-json\/wp\/v2\/pages\/696"}],"wp:attachment":[{"href":"https:\/\/www.coverlasitus.fi\/sv\/wp-json\/wp\/v2\/media?parent=701"}],"curies":[{"name":"wp","href":"https:\/\/api.w.org\/{rel}","templated":true}]}}