{"id":700,"date":"2018-09-23T16:42:29","date_gmt":"2018-09-23T13:42:29","guid":{"rendered":"http:\/\/cover.fi\/?page_id=700"},"modified":"2019-01-16T14:30:53","modified_gmt":"2019-01-16T12:30:53","slug":"arkitekter-och-planerare","status":"publish","type":"page","link":"https:\/\/www.coverlasitus.fi\/sv\/proffs\/arkitekter-och-planerare\/","title":{"rendered":"Arkitekter och planerare"},"content":{"rendered":"<div class=\"wpb-content-wrapper\">[mk_page_section bg_image=&#8221;http:\/\/cover.fi\/wp-content\/uploads\/2019\/01\/arkkitehdeille-main-image-1.jpg&#8221; bg_position=&#8221;center center&#8221; bg_repeat=&#8221;no-repeat&#8221; bg_stretch=&#8221;true&#8221; enable_3d=&#8221;true&#8221; min_height=&#8221;450&#8243; full_width=&#8221;true&#8221; padding_top=&#8221;0&#8243; padding_bottom=&#8221;40&#8243; sidebar=&#8221;sidebar-1&#8243;][vc_column][\/vc_column][\/mk_page_section][vc_row][vc_column width=&#8221;1\/6&#8243;][\/vc_column][vc_column width=&#8221;2\/3&#8243;][mk_padding_divider][vc_column_text css=&#8221;.vc_custom_1537703193796{margin-bottom: 0px !important;}&#8221;]\n<h1 style=\"text-align: center;\">Arkitekter och planerare<\/h1>\n<h3 style=\"text-align: center;\">Flexibla l\u00f6sningar f\u00f6r innovativa planer.<\/h3>\n[\/vc_column_text][vc_column_text css=&#8221;.vc_custom_1539162605151{margin-bottom: 0px !important;}&#8221;]\n<p style=\"text-align: center;\">Vid den arkitektoniska planeringen idag \u00e4r det viktigt att skapa byggnader som reflekterar planeringens inriktning p\u00e5 bland annat design, s\u00e4kerhet, h\u00e5llbarhet, probleml\u00f6shet, platsanv\u00e4ndning, energieffektivitet, \u00e5teranv\u00e4ndning, flexibilitet och bekv\u00e4mlighet. CoverGlobal Ltd:s glas- och aluminiumprodukter svarar p\u00e5 precis dessa krav. Exempelvis det raml\u00f6sa COVER balkong- och terrassinglasningssystemet kan tack vare sina tekniska egenskaper anpassas till m\u00e5nga olika slags konstruktioner, inklusive h\u00f6rn i olika vinklar.<\/p>\n<p style=\"text-align: center;\">F\u00f6r att underl\u00e4tta planeringen f\u00f6r arkitekter och planerare erbjuder CoverGlobal Ltd ett omfattande paket som bland annat inneh\u00e5ller DWG- och Solidworks bilder, teknisk produktinformation samt information om produkttester som genomf\u00f6rts.<\/p>\n<p style=\"text-align: center;\">V\u00e5r utbildade och yrkeskunniga personal tillhandah\u00e5ller vid behov till\u00e4ggsinformation och hj\u00e4lper dig att hitta b\u00e4sta m\u00f6jliga tekniska l\u00f6sning f\u00f6r projektet.<\/p>\n<p style=\"text-align: center;\">Ta kontakt med oss s\u00e5 finner vi tillsammans den b\u00e4sta m\u00f6jliga COVER-produktl\u00f6sning!<br \/>\nErt,<br \/>\nCOVER-team<\/p>\n[\/vc_column_text][mk_padding_divider][\/vc_column][vc_column width=&#8221;1\/6&#8243;][\/vc_column][\/vc_row]\n<\/div>","protected":false},"excerpt":{"rendered":"<p>[mk_page_section bg_image=&#8221;http:\/\/cover.fi\/wp-content\/uploads\/2019\/01\/arkkitehdeille-main-image-1.jpg&#8221; bg_position=&#8221;center center&#8221; bg_repeat=&#8221;no-repeat&#8221; bg_stretch=&#8221;true&#8221; enable_3d=&#8221;true&#8221; min_height=&#8221;450&#8243; full_width=&#8221;true&#8221; padding_top=&#8221;0&#8243; padding_bottom=&#8221;40&#8243; sidebar=&#8221;sidebar-1&#8243;][vc_column][\/vc_column][\/mk_page_section][vc_row][vc_column width=&#8221;1\/6&#8243;][\/vc_column][vc_column width=&#8221;2\/3&#8243;][mk_padding_divider][vc_column_text css=&#8221;.vc_custom_1537703193796{margin-bottom: 0px !important;}&#8221;] Arkitekter och planerare Flexibla l\u00f6sningar f\u00f6r innovativa planer. [\/vc_column_text][vc_column_text css=&#8221;.vc_custom_1539162605151{margin-bottom: 0px !important;}&#8221;] Vid den arkitektoniska planeringen idag \u00e4r det viktigt att skapa byggnader som reflekterar planeringens inriktning p\u00e5 bland annat design, s\u00e4kerhet, h\u00e5llbarhet, probleml\u00f6shet, platsanv\u00e4ndning, energieffektivitet, \u00e5teranv\u00e4ndning, flexibilitet [&hellip;]<\/p>\n","protected":false},"author":1,"featured_media":0,"parent":696,"menu_order":0,"comment_status":"closed","ping_status":"closed","template":"","meta":{"footnotes":""},"class_list":["post-700","page","type-page","status-publish","hentry"],"_links":{"self":[{"href":"https:\/\/www.coverlasitus.fi\/sv\/wp-json\/wp\/v2\/pages\/700","targetHints":{"allow":["GET"]}}],"collection":[{"href":"https:\/\/www.coverlasitus.fi\/sv\/wp-json\/wp\/v2\/pages"}],"about":[{"href":"https:\/\/www.coverlasitus.fi\/sv\/wp-json\/wp\/v2\/types\/page"}],"author":[{"embeddable":true,"href":"https:\/\/www.coverlasitus.fi\/sv\/wp-json\/wp\/v2\/users\/1"}],"replies":[{"embeddable":true,"href":"https:\/\/www.coverlasitus.fi\/sv\/wp-json\/wp\/v2\/comments?post=700"}],"version-history":[{"count":0,"href":"https:\/\/www.coverlasitus.fi\/sv\/wp-json\/wp\/v2\/pages\/700\/revisions"}],"up":[{"embeddable":true,"href":"https:\/\/www.coverlasitus.fi\/sv\/wp-json\/wp\/v2\/pages\/696"}],"wp:attachment":[{"href":"https:\/\/www.coverlasitus.fi\/sv\/wp-json\/wp\/v2\/media?parent=700"}],"curies":[{"name":"wp","href":"https:\/\/api.w.org\/{rel}","templated":true}]}}