{"id":679,"date":"2018-09-23T16:37:09","date_gmt":"2018-09-23T13:37:09","guid":{"rendered":"http:\/\/cover.fi\/?page_id=679"},"modified":"2019-07-05T09:51:14","modified_gmt":"2019-07-05T06:51:14","slug":"terrassinglasning","status":"publish","type":"page","link":"https:\/\/www.coverlasitus.fi\/sv\/produkter\/terrassinglasning\/","title":{"rendered":"Terrassinglasning"},"content":{"rendered":"<div class=\"wpb-content-wrapper\">[mk_page_section bg_image=&#8221;https:\/\/cover.fi\/wp-content\/uploads\/2018\/07\/coverglobal-terassilasitus-kuva.jpg&#8221; bg_position=&#8221;center center&#8221; bg_repeat=&#8221;no-repeat&#8221; bg_stretch=&#8221;true&#8221; enable_3d=&#8221;true&#8221; min_height=&#8221;450&#8243; full_width=&#8221;true&#8221; padding_top=&#8221;0&#8243; padding_bottom=&#8221;40&#8243; sidebar=&#8221;sidebar-1&#8243;][vc_column][\/vc_column][\/mk_page_section][vc_row][vc_column width=&#8221;1\/6&#8243;][\/vc_column][vc_column width=&#8221;2\/3&#8243;][mk_padding_divider][vc_column_text css=&#8221;.vc_custom_1538456868815{margin-bottom: 0px !important;}&#8221;]\n<h1 style=\"text-align: center;\">Terrassinglasning<\/h1>\n<h3 style=\"text-align: center;\">Utvidga ditt hem. COVER-terrassinglasningssystemet utan vertikala ramar ger din bostad till\u00e4ggsutrymme som kan anv\u00e4ndas \u00e5ret runt f\u00f6r olika \u00e4ndam\u00e5l. Inglasningen l\u00e4mpar sig f\u00f6r n\u00e4stan alla slags terrasser. Skapa en festlig matsal, en kul lekplats f\u00f6r barnen eller ett mysigt utrymme att koppla av i f\u00f6r dig sj\u00e4lv. Terrassglasen l\u00e4mnar utsikten fri och \u00e4r mycket l\u00e4ttsk\u00f6tta. Inglasningen h\u00e5ller f\u00f6r variationerna i v\u00e4derleksf\u00f6rh\u00e5llandena och du kan utnyttja till\u00e4ggsutrymmet \u00e5ret om.<\/h3>\n[\/vc_column_text][mk_padding_divider][\/vc_column][vc_column width=&#8221;1\/6&#8243;][\/vc_column][\/vc_row][vc_row equal_columns=&#8221;true&#8221; attached=&#8221;true&#8221; css=&#8221;.vc_custom_1530091442087{margin-bottom: 0px !important;border-bottom-width: 0px !important;padding-bottom: 0px !important;}&#8221; el_class=&#8221;rivi&#8221;][vc_column width=&#8221;1\/2&#8243; css=&#8221;.vc_custom_1530089966823{padding-top: 0px !important;padding-right: 0px !important;padding-bottom: 0px !important;padding-left: 0px !important;}&#8221;][mk_image src=&#8221;https:\/\/cover.fi\/wp-content\/uploads\/2019\/01\/terassilasitus-01-1.jpg&#8221; image_size=&#8221;full&#8221; el_class=&#8221;tuotefiilis&#8221;][\/vc_column][vc_column width=&#8221;1\/2&#8243; css=&#8221;.vc_custom_1530089975080{padding-top: 0px !important;padding-right: 20px !important;padding-bottom: 0px !important;padding-left: 0px !important;}&#8221;][mk_padding_divider size=&#8221;15&#8243;][vc_column_text el_class=&#8221;tekstilaatikko&#8221; css=&#8221;.vc_custom_1538456878135{margin-bottom: 0px !important;}&#8221;]\n<p style=\"text-align: left;\">Terrassinglasningens funktion och utseende motsvarar balkonginglasningens, men terrassglasen \u00e4r st\u00f6rre till ytan och ofta tyngre per kvadratmeter \u00e4n balkonginglasningen, s\u00e5 h\u00e5llbarhetskraven stiger. Tack vare sina tekniska egenskaper h\u00e5ller COVER-terrassinglasningssystemet utan vertikala ramar f\u00f6r kraftiga stormvindar och varierande v\u00e4derleksf\u00f6rh\u00e5llanden. Ett speciellt rullsystem med kullager g\u00f6r det l\u00e4tt att f\u00f6rflytta \u00e4ven tyngre glaselement.<\/p>\n[\/vc_column_text][\/vc_column][\/vc_row][vc_row equal_columns=&#8221;true&#8221; attached=&#8221;true&#8221; el_class=&#8221;rivi&#8221;][vc_column width=&#8221;1\/2&#8243; css=&#8221;.vc_custom_1530089835274{padding-left: 20px !important;}&#8221;][mk_padding_divider size=&#8221;15&#8243;][vc_column_text el_class=&#8221;tekstilaatikko&#8221; css=&#8221;.vc_custom_1538456886328{margin-bottom: 0px !important;}&#8221;]COVER-terrassglasen ger terrassen ett stiligt utseende samt skyddar dess strukturer och m\u00f6blemang. Inglasningen ger hemmet v\u00e4rdefullt till\u00e4ggsutrymme och \u00f6kar bekv\u00e4mligheten. Det \u00e4r m\u00f6jligt att kombinera inglasningen med olika l\u00e5smekanismer beroende p\u00e5 \u00f6nskem\u00e5l och vad objektet kr\u00e4ver. N\u00e4r solen skiner \u00e4r det enkelt att \u00f6ppna terrassinglasningen helt eller delvis. N\u00e4r det regnar och bl\u00e5ser \u00e4r det enkelt att st\u00e4nga terrassglasen. Terrassinglasningen skyddar terrassm\u00f6blemanget och minskar behovet av renovering och st\u00e4dning.<\/p>\n<p>COVER-terrassinglasningssystemet har f\u00e5tt tekniskt godk\u00e4nnande i Europa, vilket ber\u00e4ttigar till anv\u00e4ndning av CE-m\u00e4rket.[\/vc_column_text][\/vc_column][vc_column width=&#8221;1\/2&#8243;][mk_image src=&#8221;https:\/\/cover.fi\/wp-content\/uploads\/2018\/07\/terrace053.jpg&#8221; image_size=&#8221;full&#8221; el_class=&#8221;tuotefiilis&#8221;][\/vc_column][\/vc_row][vc_row equal_columns=&#8221;true&#8221; attached=&#8221;true&#8221; css=&#8221;.vc_custom_1530091442087{margin-bottom: 0px !important;border-bottom-width: 0px !important;padding-bottom: 0px !important;}&#8221; el_class=&#8221;rivi&#8221;][vc_column width=&#8221;1\/2&#8243; css=&#8221;.vc_custom_1530089966823{padding-top: 0px !important;padding-right: 0px !important;padding-bottom: 0px !important;padding-left: 0px !important;}&#8221;][vc_video link=&#8221;https:\/\/www.youtube.com\/watch?v=EEH_EZkpjCo&#8221;][mk_padding_divider size=&#8221;10&#8243; visibility=&#8221;hidden-sm&#8221;][\/vc_column][vc_column width=&#8221;1\/2&#8243; css=&#8221;.vc_custom_1530089975080{padding-top: 0px !important;padding-right: 20px !important;padding-bottom: 0px !important;padding-left: 0px !important;}&#8221;][\/vc_column][\/vc_row][mk_page_section full_width=&#8221;true&#8221; js_vertical_centered=&#8221;true&#8221; padding_top=&#8221;30&#8243; padding_bottom=&#8221;0&#8243; top_shape_size=&#8221;small&#8221; top_shape_color=&#8221;#ffffff&#8221; top_shape_bg_color=&#8221;#dd3333&#8243; sidebar=&#8221;sidebar-1&#8243;][vc_column][rev_slider_vc alias=&#8221;terassilasitus&#8221;][\/vc_column][\/mk_page_section]\n<\/div>","protected":false},"excerpt":{"rendered":"<p>[mk_page_section bg_image=&#8221;https:\/\/cover.fi\/wp-content\/uploads\/2018\/07\/coverglobal-terassilasitus-kuva.jpg&#8221; bg_position=&#8221;center center&#8221; bg_repeat=&#8221;no-repeat&#8221; bg_stretch=&#8221;true&#8221; enable_3d=&#8221;true&#8221; min_height=&#8221;450&#8243; full_width=&#8221;true&#8221; padding_top=&#8221;0&#8243; padding_bottom=&#8221;40&#8243; sidebar=&#8221;sidebar-1&#8243;][vc_column][\/vc_column][\/mk_page_section][vc_row][vc_column width=&#8221;1\/6&#8243;][\/vc_column][vc_column width=&#8221;2\/3&#8243;][mk_padding_divider][vc_column_text css=&#8221;.vc_custom_1538456868815{margin-bottom: 0px !important;}&#8221;] Terrassinglasning Utvidga ditt hem. COVER-terrassinglasningssystemet utan vertikala ramar ger din bostad till\u00e4ggsutrymme som kan anv\u00e4ndas \u00e5ret runt f\u00f6r olika \u00e4ndam\u00e5l. Inglasningen l\u00e4mpar sig f\u00f6r n\u00e4stan alla slags terrasser. Skapa en festlig matsal, en kul lekplats f\u00f6r barnen eller [&hellip;]<\/p>\n","protected":false},"author":1,"featured_media":0,"parent":668,"menu_order":0,"comment_status":"closed","ping_status":"closed","template":"","meta":{"footnotes":""},"class_list":["post-679","page","type-page","status-publish","hentry"],"_links":{"self":[{"href":"https:\/\/www.coverlasitus.fi\/sv\/wp-json\/wp\/v2\/pages\/679","targetHints":{"allow":["GET"]}}],"collection":[{"href":"https:\/\/www.coverlasitus.fi\/sv\/wp-json\/wp\/v2\/pages"}],"about":[{"href":"https:\/\/www.coverlasitus.fi\/sv\/wp-json\/wp\/v2\/types\/page"}],"author":[{"embeddable":true,"href":"https:\/\/www.coverlasitus.fi\/sv\/wp-json\/wp\/v2\/users\/1"}],"replies":[{"embeddable":true,"href":"https:\/\/www.coverlasitus.fi\/sv\/wp-json\/wp\/v2\/comments?post=679"}],"version-history":[{"count":0,"href":"https:\/\/www.coverlasitus.fi\/sv\/wp-json\/wp\/v2\/pages\/679\/revisions"}],"up":[{"embeddable":true,"href":"https:\/\/www.coverlasitus.fi\/sv\/wp-json\/wp\/v2\/pages\/668"}],"wp:attachment":[{"href":"https:\/\/www.coverlasitus.fi\/sv\/wp-json\/wp\/v2\/media?parent=679"}],"curies":[{"name":"wp","href":"https:\/\/api.w.org\/{rel}","templated":true}]}}