{"id":676,"date":"2018-09-23T16:33:17","date_gmt":"2018-09-23T13:33:17","guid":{"rendered":"http:\/\/cover.fi\/?page_id=676"},"modified":"2019-07-05T09:42:30","modified_gmt":"2019-07-05T06:42:30","slug":"glastak","status":"publish","type":"page","link":"https:\/\/www.coverlasitus.fi\/sv\/produkter\/glastak\/","title":{"rendered":"Glastak"},"content":{"rendered":"<div class=\"wpb-content-wrapper\">[mk_page_section bg_image=&#8221;https:\/\/cover.fi\/wp-content\/uploads\/2018\/07\/coverglobal-lasikatos-kuva.png&#8221; bg_position=&#8221;center center&#8221; bg_repeat=&#8221;no-repeat&#8221; bg_stretch=&#8221;true&#8221; enable_3d=&#8221;true&#8221; min_height=&#8221;450&#8243; full_width=&#8221;true&#8221; padding_top=&#8221;0&#8243; padding_bottom=&#8221;40&#8243; sidebar=&#8221;sidebar-1&#8243;][vc_column][\/vc_column][\/mk_page_section][vc_row][vc_column width=&#8221;1\/6&#8243;][\/vc_column][vc_column width=&#8221;2\/3&#8243;][mk_padding_divider][vc_column_text css=&#8221;.vc_custom_1538457082863{margin-bottom: 0px !important;}&#8221;]\n<h1 style=\"text-align: center;\">Glastak<\/h1>\n<h3 style=\"text-align: center;\">Du kan bygga en fantastisk terrasshelhet enligt din egen smak. Helheten kan placeras antingen som forts\u00e4ttning p\u00e5 terrassen eller huset som extra rum, matsal, vintertr\u00e4dg\u00e5rd&#8230; m\u00f6jligheterna \u00e4r obegr\u00e4nsade! Sov under stj\u00e4rnorna, beundra fullm\u00e5nen eller tillbringa kv\u00e4llen med dina k\u00e4ra v\u00e4nner.<\/h3>\n[\/vc_column_text][mk_padding_divider][\/vc_column][vc_column width=&#8221;1\/6&#8243;][\/vc_column][\/vc_row][vc_row equal_columns=&#8221;true&#8221; attached=&#8221;true&#8221; css=&#8221;.vc_custom_1530091442087{margin-bottom: 0px !important;border-bottom-width: 0px !important;padding-bottom: 0px !important;}&#8221; el_class=&#8221;rivi&#8221;][vc_column width=&#8221;1\/2&#8243; css=&#8221;.vc_custom_1530089966823{padding-top: 0px !important;padding-right: 0px !important;padding-bottom: 0px !important;padding-left: 0px !important;}&#8221;][mk_image src=&#8221;https:\/\/cover.fi\/wp-content\/uploads\/2019\/01\/lasikatos-01.jpg&#8221; image_size=&#8221;full&#8221; el_class=&#8221;tuotefiilis&#8221;][\/vc_column][vc_column width=&#8221;1\/2&#8243; css=&#8221;.vc_custom_1530089975080{padding-top: 0px !important;padding-right: 20px !important;padding-bottom: 0px !important;padding-left: 0px !important;}&#8221;][mk_padding_divider size=&#8221;15&#8243;][vc_column_text el_class=&#8221;tekstilaatikko&#8221; css=&#8221;.vc_custom_1533285161223{margin-bottom: 0px !important;}&#8221;]\n<p>VARF\u00d6R EN COVER-GLASTERRASS?<\/p>\n<p>Den stiliga och underh\u00e5llsfria COVER-glasterrassen med aluminiumprofil \u00e4r konstruerad med tanke p\u00e5 vind- och sn\u00f6belastningen i Finland. Med olika ram- och glassf\u00e4rgsalternativ kan du skr\u00e4ddarsy glasterrassen s\u00e5 att den passar till din bostadsfasad. Individualiseringen kan du komplettera genom att v\u00e4lja ett COVER-inglasningssystem med \u00f6nskade egenskaper f\u00f6r din glasterrass. Med en fullst\u00e4ndigt inglasad terrass kan du njuta av gemenskapen med din familj och dina v\u00e4nner medan vinden och regnet stannar utanf\u00f6r.<\/p>\n[\/vc_column_text][\/vc_column][\/vc_row][vc_row equal_columns=&#8221;true&#8221; attached=&#8221;true&#8221; el_class=&#8221;rivi&#8221;][vc_column width=&#8221;1\/2&#8243; css=&#8221;.vc_custom_1530089835274{padding-left: 20px !important;}&#8221;][mk_padding_divider size=&#8221;15&#8243;][vc_column_text el_class=&#8221;tekstilaatikko&#8221; css=&#8221;.vc_custom_1533285174343{margin-bottom: 0px !important;}&#8221;]Med COVER-glastak och COVER-terrassinglasningssystem skapar du ett utrymme d\u00e4r du befinner dig i utomhusomgivningen, men trots det \u00e4r skyddad fr\u00e5n v\u00e4der- och bullerf\u00f6rh\u00e5llandena som r\u00e5der d\u00e4r.<br \/>\n[\/vc_column_text][\/vc_column][vc_column width=&#8221;1\/2&#8243;][mk_image src=&#8221;https:\/\/cover.fi\/wp-content\/uploads\/2019\/01\/lasikatos-02.jpg&#8221; image_size=&#8221;full&#8221; el_class=&#8221;tuotefiilis&#8221;][\/vc_column][\/vc_row][vc_row equal_columns=&#8221;true&#8221; attached=&#8221;true&#8221; el_class=&#8221;rivi&#8221;][vc_column width=&#8221;1\/2&#8243; css=&#8221;.vc_custom_1530089835274{padding-left: 20px !important;}&#8221;][vc_video link=&#8221;https:\/\/www.youtube.com\/watch?v=jmHPFY997zw&#8221;][mk_padding_divider size=&#8221;15&#8243;][\/vc_column][vc_column width=&#8221;1\/2&#8243;][\/vc_column][\/vc_row][mk_page_section full_width=&#8221;true&#8221; js_vertical_centered=&#8221;true&#8221; padding_top=&#8221;30&#8243; padding_bottom=&#8221;0&#8243; top_shape_size=&#8221;small&#8221; top_shape_color=&#8221;#ffffff&#8221; top_shape_bg_color=&#8221;#dd3333&#8243; sidebar=&#8221;sidebar-1&#8243;][vc_column][rev_slider_vc alias=&#8221;lasikatos&#8221;][\/vc_column][\/mk_page_section]\n<\/div>","protected":false},"excerpt":{"rendered":"<p>[mk_page_section bg_image=&#8221;https:\/\/cover.fi\/wp-content\/uploads\/2018\/07\/coverglobal-lasikatos-kuva.png&#8221; bg_position=&#8221;center center&#8221; bg_repeat=&#8221;no-repeat&#8221; bg_stretch=&#8221;true&#8221; enable_3d=&#8221;true&#8221; min_height=&#8221;450&#8243; full_width=&#8221;true&#8221; padding_top=&#8221;0&#8243; padding_bottom=&#8221;40&#8243; sidebar=&#8221;sidebar-1&#8243;][vc_column][\/vc_column][\/mk_page_section][vc_row][vc_column width=&#8221;1\/6&#8243;][\/vc_column][vc_column width=&#8221;2\/3&#8243;][mk_padding_divider][vc_column_text css=&#8221;.vc_custom_1538457082863{margin-bottom: 0px !important;}&#8221;] Glastak Du kan bygga en fantastisk terrasshelhet enligt din egen smak. Helheten kan placeras antingen som forts\u00e4ttning p\u00e5 terrassen eller huset som extra rum, matsal, vintertr\u00e4dg\u00e5rd&#8230; m\u00f6jligheterna \u00e4r obegr\u00e4nsade! Sov under stj\u00e4rnorna, beundra fullm\u00e5nen eller tillbringa kv\u00e4llen med [&hellip;]<\/p>\n","protected":false},"author":1,"featured_media":0,"parent":668,"menu_order":0,"comment_status":"closed","ping_status":"closed","template":"","meta":{"footnotes":""},"class_list":["post-676","page","type-page","status-publish","hentry"],"_links":{"self":[{"href":"https:\/\/www.coverlasitus.fi\/sv\/wp-json\/wp\/v2\/pages\/676","targetHints":{"allow":["GET"]}}],"collection":[{"href":"https:\/\/www.coverlasitus.fi\/sv\/wp-json\/wp\/v2\/pages"}],"about":[{"href":"https:\/\/www.coverlasitus.fi\/sv\/wp-json\/wp\/v2\/types\/page"}],"author":[{"embeddable":true,"href":"https:\/\/www.coverlasitus.fi\/sv\/wp-json\/wp\/v2\/users\/1"}],"replies":[{"embeddable":true,"href":"https:\/\/www.coverlasitus.fi\/sv\/wp-json\/wp\/v2\/comments?post=676"}],"version-history":[{"count":0,"href":"https:\/\/www.coverlasitus.fi\/sv\/wp-json\/wp\/v2\/pages\/676\/revisions"}],"up":[{"embeddable":true,"href":"https:\/\/www.coverlasitus.fi\/sv\/wp-json\/wp\/v2\/pages\/668"}],"wp:attachment":[{"href":"https:\/\/www.coverlasitus.fi\/sv\/wp-json\/wp\/v2\/media?parent=676"}],"curies":[{"name":"wp","href":"https:\/\/api.w.org\/{rel}","templated":true}]}}