{"id":662,"date":"2018-09-23T16:25:27","date_gmt":"2018-09-23T13:25:27","guid":{"rendered":"http:\/\/cover.fi\/?page_id=662"},"modified":"2022-05-13T12:02:26","modified_gmt":"2022-05-13T09:02:26","slug":"coverglobal-oy","status":"publish","type":"page","link":"https:\/\/www.coverlasitus.fi\/sv\/coverglobal-oy\/","title":{"rendered":"CoverGlobal Ltd"},"content":{"rendered":"<div class=\"wpb-content-wrapper\">[mk_page_section bg_image=&#8221;https:\/\/www.coverlasitus.fi\/wp-content\/uploads\/2022\/05\/coverglobal-staff-2.jpg&#8221; bg_position=&#8221;center center&#8221; bg_repeat=&#8221;no-repeat&#8221; bg_stretch=&#8221;true&#8221; enable_3d=&#8221;true&#8221; min_height=&#8221;650&#8243; full_width=&#8221;true&#8221; padding_top=&#8221;0&#8243; padding_bottom=&#8221;40&#8243; sidebar=&#8221;sidebar-1&#8243;][vc_column][\/vc_column][\/mk_page_section][vc_row][vc_column width=&#8221;1\/6&#8243;][\/vc_column][vc_column width=&#8221;2\/3&#8243;][mk_padding_divider][vc_column_text css=&#8221;.vc_custom_1539161556770{margin-bottom: 0px !important;}&#8221;]\n<h3 style=\"text-align: center;\"><img loading=\"lazy\" decoding=\"async\" class=\" wp-image-23 aligncenter\" src=\"https:\/\/cover.fi\/wp-content\/uploads\/2018\/06\/artwork-16.svg\" alt=\"\" width=\"388\" height=\"227\" \/><\/h3>\n<h4 style=\"text-align: left;\">Hur fick det hela sin b\u00f6rjan?<\/h4>\n<p>Uppfinnaren Jarmo Sj\u00f6holm utvecklade 1991 i Finland COVER balkong- och terrassinglasningssystemet utan vertikala ramar. Det var det f\u00f6rsta systemet i v\u00e4rlden som kunde glida \u00f6ver h\u00f6rn med olika vinklar och COVER-inglasningssystemet patenterades v\u00e4rldsvitt.<br \/>\nDet ursprungligen COVER-systemet har bevarat sin position p\u00e5 toppen under \u00e5rens lopp och \u00e4r fortfarande ett av v\u00e4rldens b\u00e4sta inglasningssystem. P\u00e5 detta s\u00e4tt har CoverGlobal Ltd blivit en internationellt efterfr\u00e5gad finl\u00e4ndare.<\/p>\n<p>Och p\u00e5 detta s\u00e4tt uppfylldes en ung mans dr\u00f6mmar.<br \/>\nCOVER-tuote \u00e4r en viktig arbetsgivare i sin region. COVER-arbetstagarna och kundf\u00f6retagen \u00e4r som en stor familj.<br \/>\n<em><strong>&#8221;Vi forts\u00e4tter p\u00e5 v\u00e4gen mot en transparentare v\u00e4rld och nya omr\u00e5deser\u00f6vringar som Jarmo har stakat ut.&#8221;<\/strong><\/em><\/p>\n<h4>Hur g\u00e5r det vidare?<\/h4>\n<p>Runt det ursprungliga COVER-systemet har det under \u00e5rens lopp bildats en grupp glas- och aluminiumprodukter som st\u00f6der varandra och bildar en harmonisk helhet, d\u00e4r man tillsammans eller \u00e5tskilt finner produktl\u00f6sningar f\u00f6r m\u00e5nga anv\u00e4ndnings\u00e4ndam\u00e5l.<br \/>\nIdag \u00e4r p\u00e5litlighet, snabbhet, effektivitet, tj\u00e4nstvillighet, l\u00f6sningsorientering och kvalitet de viktiga sakerna som kunderna i synnerhet uppskattar. CoverGlobal Ltd har under de senaste \u00e5ren koncentrerat sig p\u00e5 att utveckla just dessa delomr\u00e5den, bland annat genom att investera i produktutveckling, it-system och i ny utbildad och motiverad personal. Med dessa ingredienser kan vi tillfredsst\u00e4lla v\u00e5ra kunders behov och skapa en positiv kundupplevelse.<\/p>\n<p>V\u00e5r utbildade och spr\u00e5kkunniga personal hj\u00e4lper och st\u00f6der alla B2B kunder i alla skeden av projektet och samarbetet, s\u00e5 att de uppst\u00e4llda m\u00e5ls\u00e4ttningarna n\u00e5s och t.o.m. \u00f6vertr\u00e4ffas.<br \/>\nVi \u00e4r stolta \u00f6ver att vi redan under flera decennier har kunnat leverera v\u00e5r i Finland utvecklade teknologi till inhemska och globala kunder i \u00f6ver 30 l\u00e4nder<br \/>\nVi gl\u00e4der oss \u00f6ver varje ny kund och \u00f6ver varje ny best\u00e4llning. Vi \u00e4r fast beslutna att arbeta l\u00e5ngsiktigt tillsammans med v\u00e5ra kunder och att hj\u00e4lpa v\u00e5ra kunder att n\u00e5 framg\u00e5ng.<\/p>\n<p>Vi har en stark v\u00e4rderingskultur och verkar tillsammans med v\u00e5ra kunder som en stor familj.<br \/>\nVi \u00e4r&#8230;.<br \/>\n<strong>ER PARTNER<\/strong><\/p>\n<p>COVER-team[\/vc_column_text][mk_padding_divider][\/vc_column][vc_column width=&#8221;1\/6&#8243;][\/vc_column][\/vc_row][mk_page_section full_width=&#8221;true&#8221; js_vertical_centered=&#8221;true&#8221; padding_top=&#8221;30&#8243; padding_bottom=&#8221;0&#8243; top_shape_size=&#8221;small&#8221; top_shape_color=&#8221;#ffffff&#8221; top_shape_bg_color=&#8221;#dd3333&#8243; sidebar=&#8221;sidebar-1&#8243;][vc_column][rev_slider_vc alias=&#8221;coverglobal&#8221;][\/vc_column][\/mk_page_section]\n<\/div>","protected":false},"excerpt":{"rendered":"<p>[mk_page_section bg_image=&#8221;https:\/\/www.coverlasitus.fi\/wp-content\/uploads\/2022\/05\/coverglobal-staff-2.jpg&#8221; bg_position=&#8221;center center&#8221; bg_repeat=&#8221;no-repeat&#8221; bg_stretch=&#8221;true&#8221; enable_3d=&#8221;true&#8221; min_height=&#8221;650&#8243; full_width=&#8221;true&#8221; padding_top=&#8221;0&#8243; padding_bottom=&#8221;40&#8243; sidebar=&#8221;sidebar-1&#8243;][vc_column][\/vc_column][\/mk_page_section][vc_row][vc_column width=&#8221;1\/6&#8243;][\/vc_column][vc_column width=&#8221;2\/3&#8243;][mk_padding_divider][vc_column_text css=&#8221;.vc_custom_1539161556770{margin-bottom: 0px !important;}&#8221;] Hur fick det hela sin b\u00f6rjan? Uppfinnaren Jarmo Sj\u00f6holm utvecklade 1991 i Finland COVER balkong- och terrassinglasningssystemet utan vertikala ramar. Det var det f\u00f6rsta systemet i v\u00e4rlden som kunde glida \u00f6ver h\u00f6rn med olika vinklar och COVER-inglasningssystemet patenterades [&hellip;]<\/p>\n","protected":false},"author":1,"featured_media":0,"parent":0,"menu_order":0,"comment_status":"closed","ping_status":"closed","template":"","meta":{"footnotes":""},"class_list":["post-662","page","type-page","status-publish","hentry"],"_links":{"self":[{"href":"https:\/\/www.coverlasitus.fi\/sv\/wp-json\/wp\/v2\/pages\/662","targetHints":{"allow":["GET"]}}],"collection":[{"href":"https:\/\/www.coverlasitus.fi\/sv\/wp-json\/wp\/v2\/pages"}],"about":[{"href":"https:\/\/www.coverlasitus.fi\/sv\/wp-json\/wp\/v2\/types\/page"}],"author":[{"embeddable":true,"href":"https:\/\/www.coverlasitus.fi\/sv\/wp-json\/wp\/v2\/users\/1"}],"replies":[{"embeddable":true,"href":"https:\/\/www.coverlasitus.fi\/sv\/wp-json\/wp\/v2\/comments?post=662"}],"version-history":[{"count":2,"href":"https:\/\/www.coverlasitus.fi\/sv\/wp-json\/wp\/v2\/pages\/662\/revisions"}],"predecessor-version":[{"id":2287,"href":"https:\/\/www.coverlasitus.fi\/sv\/wp-json\/wp\/v2\/pages\/662\/revisions\/2287"}],"wp:attachment":[{"href":"https:\/\/www.coverlasitus.fi\/sv\/wp-json\/wp\/v2\/media?parent=662"}],"curies":[{"name":"wp","href":"https:\/\/api.w.org\/{rel}","templated":true}]}}