{"id":844,"date":"2018-10-02T09:02:46","date_gmt":"2018-10-02T06:02:46","guid":{"rendered":"http:\/\/cover.fi\/?page_id=844"},"modified":"2019-01-16T14:30:38","modified_gmt":"2019-01-16T12:30:38","slug":"architectes-et-designers","status":"publish","type":"page","link":"https:\/\/www.coverlasitus.fi\/fr\/pour-les-professionnels\/architectes-et-designers\/","title":{"rendered":"Architectes et designers"},"content":{"rendered":"<div class=\"wpb-content-wrapper\">[mk_page_section bg_image=\u00a0\u00bbhttp:\/\/cover.fi\/wp-content\/uploads\/2019\/01\/arkkitehdeille-main-image-1.jpg\u00a0\u00bb bg_position=\u00a0\u00bbcenter center\u00a0\u00bb bg_repeat=\u00a0\u00bbno-repeat\u00a0\u00bb bg_stretch=\u00a0\u00bbtrue\u00a0\u00bb enable_3d=\u00a0\u00bbtrue\u00a0\u00bb min_height=\u00a0\u00bb450&Prime; full_width=\u00a0\u00bbtrue\u00a0\u00bb padding_top=\u00a0\u00bb0&Prime; padding_bottom=\u00a0\u00bb40&Prime; sidebar=\u00a0\u00bbsidebar-1&Prime;][vc_column][\/vc_column][\/mk_page_section][vc_row][vc_column width=\u00a0\u00bb1\/6&Prime;][\/vc_column][vc_column width=\u00a0\u00bb2\/3&Prime;][mk_padding_divider][vc_column_text css=\u00a0\u00bb.vc_custom_1538460091702{margin-bottom: 0px !important;}\u00a0\u00bb]\n<h1 style=\"text-align: center;\">Architectes et designers<\/h1>\n<h3 style=\"text-align: center;\">Solutions flexibles avec des conceptions innovantes<\/h3>\n[\/vc_column_text][vc_column_text css=\u00a0\u00bb.vc_custom_1539162436656{margin-bottom: 0px !important;}\u00a0\u00bb]\n<p style=\"text-align: center;\">Dans la conception architecturale d&rsquo;aujourd&rsquo;hui, il est important de cr\u00e9er des b\u00e2timents dont le design int\u00e8gre les exigences suivantes : conception, s\u00e9curit\u00e9, durabilit\u00e9, simplicit\u00e9, utilisation de l&rsquo;espace, efficacit\u00e9 \u00e9nerg\u00e9tique, recyclage, flexibilit\u00e9 et confort. Les produits en verre et en aluminium de CoverGlobal Ltd r\u00e9pondent exactement aux exigences d\u00e9crites ci-dessus. Par exemple, le syst\u00e8me de vitrage sans cadre pour balcon et pour terrasse COVER a des caract\u00e9ristiques techniques lui permettant de r\u00e9pondre \u00e0 une vari\u00e9t\u00e9 de conceptions, avec des ar\u00eates diff\u00e9rentes.<\/p>\n<p style=\"text-align: center;\">CoverGlobal fournit aux architectes et aux concepteurs un ensemble complet d\u2019informations techniques, comprenant notamment : sch\u00e9mas DWG et Solidworks, informations techniques sur les produits et informations sur les tests de produits.<br \/>\nNotre personnel qualifi\u00e9 et form\u00e9 vous fournira des informations suppl\u00e9mentaires et vous aidera \u00e0 trouver la meilleure solution technique pour votre projet.<\/p>\n<p style=\"text-align: center;\">Contactez-nous et nous chercherons ensemble la meilleure solution de produit COVER!<\/p>\n<p style=\"text-align: center;\">Sinc\u00e8rement v\u00f4tre,<br \/>\nL\u2019\u00c9quipe COVER<\/p>\n[\/vc_column_text][mk_padding_divider][\/vc_column][vc_column width=\u00a0\u00bb1\/6&Prime;][\/vc_column][\/vc_row]\n<\/div>","protected":false},"excerpt":{"rendered":"<p>[mk_page_section bg_image=\u00a0\u00bbhttp:\/\/cover.fi\/wp-content\/uploads\/2019\/01\/arkkitehdeille-main-image-1.jpg\u00a0\u00bb bg_position=\u00a0\u00bbcenter center\u00a0\u00bb bg_repeat=\u00a0\u00bbno-repeat\u00a0\u00bb bg_stretch=\u00a0\u00bbtrue\u00a0\u00bb enable_3d=\u00a0\u00bbtrue\u00a0\u00bb min_height=\u00a0\u00bb450&Prime; full_width=\u00a0\u00bbtrue\u00a0\u00bb padding_top=\u00a0\u00bb0&Prime; padding_bottom=\u00a0\u00bb40&Prime; sidebar=\u00a0\u00bbsidebar-1&Prime;][vc_column][\/vc_column][\/mk_page_section][vc_row][vc_column width=\u00a0\u00bb1\/6&Prime;][\/vc_column][vc_column width=\u00a0\u00bb2\/3&Prime;][mk_padding_divider][vc_column_text css=\u00a0\u00bb.vc_custom_1538460091702{margin-bottom: 0px !important;}\u00a0\u00bb] Architectes et designers Solutions flexibles avec des conceptions innovantes [\/vc_column_text][vc_column_text css=\u00a0\u00bb.vc_custom_1539162436656{margin-bottom: 0px !important;}\u00a0\u00bb] Dans la conception architecturale d&rsquo;aujourd&rsquo;hui, il est important de cr\u00e9er des b\u00e2timents dont le design int\u00e8gre les exigences suivantes : conception, s\u00e9curit\u00e9, durabilit\u00e9, simplicit\u00e9, utilisation [&hellip;]<\/p>\n","protected":false},"author":1,"featured_media":0,"parent":840,"menu_order":0,"comment_status":"closed","ping_status":"closed","template":"","meta":{"footnotes":""},"class_list":["post-844","page","type-page","status-publish","hentry"],"_links":{"self":[{"href":"https:\/\/www.coverlasitus.fi\/fr\/wp-json\/wp\/v2\/pages\/844","targetHints":{"allow":["GET"]}}],"collection":[{"href":"https:\/\/www.coverlasitus.fi\/fr\/wp-json\/wp\/v2\/pages"}],"about":[{"href":"https:\/\/www.coverlasitus.fi\/fr\/wp-json\/wp\/v2\/types\/page"}],"author":[{"embeddable":true,"href":"https:\/\/www.coverlasitus.fi\/fr\/wp-json\/wp\/v2\/users\/1"}],"replies":[{"embeddable":true,"href":"https:\/\/www.coverlasitus.fi\/fr\/wp-json\/wp\/v2\/comments?post=844"}],"version-history":[{"count":0,"href":"https:\/\/www.coverlasitus.fi\/fr\/wp-json\/wp\/v2\/pages\/844\/revisions"}],"up":[{"embeddable":true,"href":"https:\/\/www.coverlasitus.fi\/fr\/wp-json\/wp\/v2\/pages\/840"}],"wp:attachment":[{"href":"https:\/\/www.coverlasitus.fi\/fr\/wp-json\/wp\/v2\/media?parent=844"}],"curies":[{"name":"wp","href":"https:\/\/api.w.org\/{rel}","templated":true}]}}