{"id":843,"date":"2018-10-02T09:00:49","date_gmt":"2018-10-02T06:00:49","guid":{"rendered":"http:\/\/cover.fi\/?page_id=843"},"modified":"2018-10-02T09:02:53","modified_gmt":"2018-10-02T06:02:53","slug":"enterprises-de-construction","status":"publish","type":"page","link":"https:\/\/www.coverlasitus.fi\/fr\/pour-les-professionnels\/enterprises-de-construction\/","title":{"rendered":"Enterprises de construction"},"content":{"rendered":"<div class=\"wpb-content-wrapper\">[mk_page_section bg_image=\u00a0\u00bbhttp:\/\/cover.fi\/wp-content\/uploads\/2018\/09\/coverrus_picture-2_1.jpg\u00a0\u00bb bg_color=\u00a0\u00bb#eaeaea\u00a0\u00bb bg_position=\u00a0\u00bbcenter center\u00a0\u00bb bg_repeat=\u00a0\u00bbno-repeat\u00a0\u00bb bg_stretch=\u00a0\u00bbtrue\u00a0\u00bb enable_3d=\u00a0\u00bbtrue\u00a0\u00bb min_height=\u00a0\u00bb450&Prime; full_width=\u00a0\u00bbtrue\u00a0\u00bb padding_top=\u00a0\u00bb0&Prime; padding_bottom=\u00a0\u00bb40&Prime; sidebar=\u00a0\u00bbsidebar-1&Prime;][vc_column][\/vc_column][\/mk_page_section][vc_row][vc_column width=\u00a0\u00bb1\/6&Prime;][\/vc_column][vc_column width=\u00a0\u00bb2\/3&Prime;][mk_padding_divider][vc_column_text css=\u00a0\u00bb.vc_custom_1538459984057{margin-bottom: 0px !important;}\u00a0\u00bb]\n<h1 style=\"text-align: center;\">Enterprises de construction<\/h1>\n<h3 style=\"text-align: center;\">Une oasis de verdure en milieu urbain<\/h3>\n[\/vc_column_text][vc_column_text css=\u00a0\u00bb.vc_custom_1538460045271{margin-bottom: 0px !important;}\u00a0\u00bb]\n<p style=\"text-align: center;\">La culture de la construction dans de nombreux pays \u00e9volue vers la modernit\u00e9. Dans les grandes m\u00e9tropoles, il y a un changement notable dans les b\u00e2timents r\u00e9sidentiels, en particulier dans l\u2019agrandissement de la taille des balcons et dans l&rsquo;utilisation croissante du verre dans les fa\u00e7ades. Cela fait partie du d\u00e9veloppement global, o\u00f9 les r\u00e9sidents veulent \u00eatre en mesure de cr\u00e9er leur propre oasis de verdure dans les environnements urbains.<\/p>\n<p style=\"text-align: center;\">Les architectes et les designers sont conscients de cette tendance dans le monde entier. Les entreprises de construction exploitent ces nouvelles id\u00e9es novatrices en construisant des b\u00e2timents de fa\u00e7ades futuristes qui flottent sur les nuages. Pour atteindre leurs objectifs, les entreprises de construction ont \u00e9galement besoin de produits de qualit\u00e9, de fournisseurs et de sous-traitants fiables.<\/p>\n<p style=\"text-align: center;\">CoverGlobal Ltd souhaite participer \u00e0 cette tendance dans la construction moderne et \u00e9conome en \u00e9nergie, en fournissant aux entreprises de construction des solutions de vitrage multifonctionnelles de haute qualit\u00e9, pour les balcons et les terrasses. De plus, nous proposons un ensemble de services, incluant, le cas \u00e9ch\u00e9ant, l&rsquo;implication dans la planification technique avec l&rsquo;architecte, les livraisons de mat\u00e9riaux au projet, la formation des sous-traitants ou l&rsquo;installation et la supervision des travaux d&rsquo;installation<\/p>\n<p style=\"text-align: center;\">Contactez-nous et notre personnel se fera un plaisir de vous d\u00e9montrer comment CoverGlobal Ltd peut soutenir la r\u00e9ussite de votre projet!<\/p>\n<p style=\"text-align: center;\">Sinc\u00e8rement v\u00f4tre,<br \/>\nL\u2019\u00c9quipe COVER<\/p>\n[\/vc_column_text][mk_padding_divider][\/vc_column][vc_column width=\u00a0\u00bb1\/6&Prime;][\/vc_column][\/vc_row]\n<\/div>","protected":false},"excerpt":{"rendered":"<p>[mk_page_section bg_image=\u00a0\u00bbhttp:\/\/cover.fi\/wp-content\/uploads\/2018\/09\/coverrus_picture-2_1.jpg\u00a0\u00bb bg_color=\u00a0\u00bb#eaeaea\u00a0\u00bb bg_position=\u00a0\u00bbcenter center\u00a0\u00bb bg_repeat=\u00a0\u00bbno-repeat\u00a0\u00bb bg_stretch=\u00a0\u00bbtrue\u00a0\u00bb enable_3d=\u00a0\u00bbtrue\u00a0\u00bb min_height=\u00a0\u00bb450&Prime; full_width=\u00a0\u00bbtrue\u00a0\u00bb padding_top=\u00a0\u00bb0&Prime; padding_bottom=\u00a0\u00bb40&Prime; sidebar=\u00a0\u00bbsidebar-1&Prime;][vc_column][\/vc_column][\/mk_page_section][vc_row][vc_column width=\u00a0\u00bb1\/6&Prime;][\/vc_column][vc_column width=\u00a0\u00bb2\/3&Prime;][mk_padding_divider][vc_column_text css=\u00a0\u00bb.vc_custom_1538459984057{margin-bottom: 0px !important;}\u00a0\u00bb] Enterprises de construction Une oasis de verdure en milieu urbain [\/vc_column_text][vc_column_text css=\u00a0\u00bb.vc_custom_1538460045271{margin-bottom: 0px !important;}\u00a0\u00bb] La culture de la construction dans de nombreux pays \u00e9volue vers la modernit\u00e9. Dans les grandes m\u00e9tropoles, il y a un changement notable [&hellip;]<\/p>\n","protected":false},"author":1,"featured_media":0,"parent":840,"menu_order":0,"comment_status":"closed","ping_status":"closed","template":"","meta":{"footnotes":""},"class_list":["post-843","page","type-page","status-publish","hentry"],"_links":{"self":[{"href":"https:\/\/www.coverlasitus.fi\/fr\/wp-json\/wp\/v2\/pages\/843","targetHints":{"allow":["GET"]}}],"collection":[{"href":"https:\/\/www.coverlasitus.fi\/fr\/wp-json\/wp\/v2\/pages"}],"about":[{"href":"https:\/\/www.coverlasitus.fi\/fr\/wp-json\/wp\/v2\/types\/page"}],"author":[{"embeddable":true,"href":"https:\/\/www.coverlasitus.fi\/fr\/wp-json\/wp\/v2\/users\/1"}],"replies":[{"embeddable":true,"href":"https:\/\/www.coverlasitus.fi\/fr\/wp-json\/wp\/v2\/comments?post=843"}],"version-history":[{"count":0,"href":"https:\/\/www.coverlasitus.fi\/fr\/wp-json\/wp\/v2\/pages\/843\/revisions"}],"up":[{"embeddable":true,"href":"https:\/\/www.coverlasitus.fi\/fr\/wp-json\/wp\/v2\/pages\/840"}],"wp:attachment":[{"href":"https:\/\/www.coverlasitus.fi\/fr\/wp-json\/wp\/v2\/media?parent=843"}],"curies":[{"name":"wp","href":"https:\/\/api.w.org\/{rel}","templated":true}]}}