{"id":834,"date":"2018-10-02T08:56:51","date_gmt":"2018-10-02T05:56:51","guid":{"rendered":"http:\/\/cover.fi\/?page_id=834"},"modified":"2018-10-02T09:03:07","modified_gmt":"2018-10-02T06:03:07","slug":"distributeurs","status":"publish","type":"page","link":"https:\/\/www.coverlasitus.fi\/fr\/pour-les-professionnels\/distributeurs\/","title":{"rendered":"Distributeurs"},"content":{"rendered":"<div class=\"wpb-content-wrapper\">[mk_page_section bg_image=\u00a0\u00bbhttp:\/\/cover.fi\/wp-content\/uploads\/2018\/09\/edustusliikkeet-1.jpg\u00a0\u00bb bg_color=\u00a0\u00bb#eaeaea\u00a0\u00bb bg_position=\u00a0\u00bbcenter center\u00a0\u00bb bg_repeat=\u00a0\u00bbno-repeat\u00a0\u00bb bg_stretch=\u00a0\u00bbtrue\u00a0\u00bb enable_3d=\u00a0\u00bbtrue\u00a0\u00bb min_height=\u00a0\u00bb450&Prime; full_width=\u00a0\u00bbtrue\u00a0\u00bb padding_top=\u00a0\u00bb0&Prime; padding_bottom=\u00a0\u00bb40&Prime; sidebar=\u00a0\u00bbsidebar-1&Prime;][vc_column][\/vc_column][\/mk_page_section][vc_row][vc_column width=\u00a0\u00bb1\/6&Prime;][\/vc_column][vc_column width=\u00a0\u00bb2\/3&Prime;][mk_padding_divider][vc_column_text css=\u00a0\u00bb.vc_custom_1538459563020{margin-bottom: 0px !important;}\u00a0\u00bb]\n<h1 style=\"text-align: center;\">Distributeurs<\/h1>\n<h3 style=\"text-align: center;\">Partenaire fiable dans le secteur de la distribution depuis plus de 20 ans<\/h3>\n[\/vc_column_text][vc_column_text css=\u00a0\u00bb.vc_custom_1538459586435{margin-bottom: 0px !important;}\u00a0\u00bb]\n<p style=\"text-align: center;\">Depuis la cr\u00e9ation de la soci\u00e9t\u00e9, il a \u00e9t\u00e9 clair que nous souhaitons offrir notre technologie de vitrage de haute qualit\u00e9 au plus grand nombre d\u2019entreprises et de personnes du monde entier. Cependant, nous ne pouvons pas le faire seul et, par cons\u00e9quent, nous avons besoin d\u2019entreprises professionnelles ayant des connaissances locales pour transmettre le message COVER avec nous.<br \/>\nNous sommes dans le secteur de la distribution depuis plus de 20 ans. Par exemple, notre partenaire Sio AG (<a href=\"http:\/\/www.cover.ch\" target=\"_blank\" rel=\"noopener\">www.cover.ch<\/a>) est un fabricant agr\u00e9\u00e9 de produits COVER en Suisse depuis 1997 et est devenu le leader du march\u00e9 des vitrages sans cadre.<br \/>\nCoverGlobal Ltd propose \u00e0 ses clients un ensemble complet d&rsquo;informations sur les produits, comprenant des formations et des outils de tarification et de conception. Notre personnel professionnel vous servira en finnois, anglais, allemand, fran\u00e7ais, russe, su\u00e9dois et espagnol.<\/p>\n<p style=\"text-align: center;\">Si vous recherchez uniquement le prix le plus bas, nous ne sommes pas le bon partenaire. Mais si vous voulez faire partie d\u2019une grande histoire, de l\u2019\u00e9quipe COVER et appr\u00e9cier l\u2019importance d\u2019une marque commune, veuillez nous contacter.<br \/>\nCr\u00e9ons ensemble de nouvelles histoires COVER!<\/p>\n<p style=\"text-align: center;\">Sinc\u00e8rement v\u00f4tre,<br \/>\nL\u2019\u00c9quipe COVER<\/p>\n[\/vc_column_text][mk_padding_divider][vc_column_text css=\u00a0\u00bb.vc_custom_1538459640988{margin-bottom: 0px !important;}\u00a0\u00bb]\n<h1 style=\"text-align: center;\">PROCESSUS DE COOP\u00c9RATION<\/h1>\n[\/vc_column_text][mk_image src=\u00a0\u00bbhttp:\/\/cover.fi\/wp-content\/uploads\/2018\/10\/edustajaliikkeet-prosessikaavio-fr.png\u00a0\u00bb image_size=\u00a0\u00bbfull\u00a0\u00bb lightbox=\u00a0\u00bbtrue\u00a0\u00bb hover_image_overlay=\u00a0\u00bbfalse\u00a0\u00bb align=\u00a0\u00bbcenter\u00a0\u00bb][\/vc_column][vc_column width=\u00a0\u00bb1\/6&Prime;][\/vc_column][\/vc_row]\n<\/div>","protected":false},"excerpt":{"rendered":"<p>[mk_page_section bg_image=\u00a0\u00bbhttp:\/\/cover.fi\/wp-content\/uploads\/2018\/09\/edustusliikkeet-1.jpg\u00a0\u00bb bg_color=\u00a0\u00bb#eaeaea\u00a0\u00bb bg_position=\u00a0\u00bbcenter center\u00a0\u00bb bg_repeat=\u00a0\u00bbno-repeat\u00a0\u00bb bg_stretch=\u00a0\u00bbtrue\u00a0\u00bb enable_3d=\u00a0\u00bbtrue\u00a0\u00bb min_height=\u00a0\u00bb450&Prime; full_width=\u00a0\u00bbtrue\u00a0\u00bb padding_top=\u00a0\u00bb0&Prime; padding_bottom=\u00a0\u00bb40&Prime; sidebar=\u00a0\u00bbsidebar-1&Prime;][vc_column][\/vc_column][\/mk_page_section][vc_row][vc_column width=\u00a0\u00bb1\/6&Prime;][\/vc_column][vc_column width=\u00a0\u00bb2\/3&Prime;][mk_padding_divider][vc_column_text css=\u00a0\u00bb.vc_custom_1538459563020{margin-bottom: 0px !important;}\u00a0\u00bb] Distributeurs Partenaire fiable dans le secteur de la distribution depuis plus de 20 ans [\/vc_column_text][vc_column_text css=\u00a0\u00bb.vc_custom_1538459586435{margin-bottom: 0px !important;}\u00a0\u00bb] Depuis la cr\u00e9ation de la soci\u00e9t\u00e9, il a \u00e9t\u00e9 clair que nous souhaitons offrir notre technologie de vitrage de [&hellip;]<\/p>\n","protected":false},"author":1,"featured_media":0,"parent":840,"menu_order":0,"comment_status":"closed","ping_status":"closed","template":"","meta":{"footnotes":""},"class_list":["post-834","page","type-page","status-publish","hentry"],"_links":{"self":[{"href":"https:\/\/www.coverlasitus.fi\/fr\/wp-json\/wp\/v2\/pages\/834","targetHints":{"allow":["GET"]}}],"collection":[{"href":"https:\/\/www.coverlasitus.fi\/fr\/wp-json\/wp\/v2\/pages"}],"about":[{"href":"https:\/\/www.coverlasitus.fi\/fr\/wp-json\/wp\/v2\/types\/page"}],"author":[{"embeddable":true,"href":"https:\/\/www.coverlasitus.fi\/fr\/wp-json\/wp\/v2\/users\/1"}],"replies":[{"embeddable":true,"href":"https:\/\/www.coverlasitus.fi\/fr\/wp-json\/wp\/v2\/comments?post=834"}],"version-history":[{"count":0,"href":"https:\/\/www.coverlasitus.fi\/fr\/wp-json\/wp\/v2\/pages\/834\/revisions"}],"up":[{"embeddable":true,"href":"https:\/\/www.coverlasitus.fi\/fr\/wp-json\/wp\/v2\/pages\/840"}],"wp:attachment":[{"href":"https:\/\/www.coverlasitus.fi\/fr\/wp-json\/wp\/v2\/media?parent=834"}],"curies":[{"name":"wp","href":"https:\/\/api.w.org\/{rel}","templated":true}]}}