{"id":815,"date":"2018-10-02T08:40:18","date_gmt":"2018-10-02T05:40:18","guid":{"rendered":"http:\/\/cover.fi\/?page_id=815"},"modified":"2022-03-01T08:38:35","modified_gmt":"2022-03-01T06:38:35","slug":"vitrage-coulissant-avec-cadre","status":"publish","type":"page","link":"https:\/\/www.coverlasitus.fi\/fr\/produits\/vitrage-coulissant-avec-cadre\/","title":{"rendered":"Vitrage coulissant avec cadre"},"content":{"rendered":"<div class=\"wpb-content-wrapper\">[mk_page_section bg_image=\u00a0\u00bbhttps:\/\/www.coverlasitus.fi\/wp-content\/uploads\/2022\/02\/coveraika_house1-cam16.jpg\u00a0\u00bb bg_position=\u00a0\u00bbcenter center\u00a0\u00bb bg_repeat=\u00a0\u00bbno-repeat\u00a0\u00bb bg_stretch=\u00a0\u00bbtrue\u00a0\u00bb enable_3d=\u00a0\u00bbtrue\u00a0\u00bb min_height=\u00a0\u00bb450&Prime; full_width=\u00a0\u00bbtrue\u00a0\u00bb padding_top=\u00a0\u00bb0&Prime; padding_bottom=\u00a0\u00bb40&Prime; sidebar=\u00a0\u00bbsidebar-1&Prime;][vc_column][\/vc_column][\/mk_page_section][vc_row][vc_column width=\u00a0\u00bb1\/6&Prime;][\/vc_column][vc_column width=\u00a0\u00bb2\/3&Prime;][mk_padding_divider][vc_column_text css=\u00a0\u00bb.vc_custom_1645622129007{margin-bottom: 0px !important;}\u00a0\u00bb]\n<h1 style=\"text-align: center;\">CoverAika, vitrage coulissant avec cadre<\/h1>\n<h3 style=\"text-align: center;\">Donnez un nouvel aspect \u00e0 votre terrasse en ajoutant un vitrage coulissant avec cadre CoverAiks. M\u00eame les grands \u00e9l\u00e9ments en verre coulissent facilement ensemble et, lorsqu&rsquo;ils sont ferm\u00e9s, ils offrent une protection \u00e9tanche m\u00eame en hiver. Les profils \u00e9l\u00e9gants encadrent les vitrages, donnant un aspect fini \u00e0 la fa\u00e7ade. Vous profiterez davantage de la terrasse et pourrez passer de nombreux moments de bonheur avec vos amis et votre famille.<\/h3>\n[\/vc_column_text][mk_padding_divider][\/vc_column][vc_column width=\u00a0\u00bb1\/6&Prime;][\/vc_column][\/vc_row][vc_row equal_columns=\u00a0\u00bbtrue\u00a0\u00bb attached=\u00a0\u00bbtrue\u00a0\u00bb css=\u00a0\u00bb.vc_custom_1530091442087{margin-bottom: 0px !important;border-bottom-width: 0px !important;padding-bottom: 0px !important;}\u00a0\u00bb el_class=\u00a0\u00bbrivi\u00a0\u00bb][vc_column width=\u00a0\u00bb1\/2&Prime; css=\u00a0\u00bb.vc_custom_1530089966823{padding-top: 0px !important;padding-right: 0px !important;padding-bottom: 0px !important;padding-left: 0px !important;}\u00a0\u00bb][mk_padding_divider size=\u00a0\u00bb30&Prime; visibility=\u00a0\u00bbhidden-tl\u00a0\u00bb][mk_image src=\u00a0\u00bbhttps:\/\/www.coverlasitus.fi\/wp-content\/uploads\/2022\/02\/coveraika_house1-cam01.jpg\u00a0\u00bb image_size=\u00a0\u00bbfull\u00a0\u00bb el_class=\u00a0\u00bbtuotefiilis\u00a0\u00bb][\/vc_column][vc_column width=\u00a0\u00bb1\/2&Prime; css=\u00a0\u00bb.vc_custom_1530089975080{padding-top: 0px !important;padding-right: 20px !important;padding-bottom: 0px !important;padding-left: 0px !important;}\u00a0\u00bb][vc_column_text el_class=\u00a0\u00bbtekstilaatikko\u00a0\u00bb css=\u00a0\u00bb.vc_custom_1645622139732{margin-bottom: 0px !important;padding-top: 20px !important;padding-right: 20px !important;padding-bottom: 20px !important;padding-left: 20px !important;}\u00a0\u00bb]Chaque syst\u00e8me est con\u00e7u et fabriqu\u00e9 avec les exigences et les attributs visuels de la terrasse. Avec le syst\u00e8me de porte coulissante, il est facile d&rsquo;obtenir confort et visibilit\u00e9 depuis la terrasse.<\/p>\n<p>Le syst\u00e8me de vitrage CoverAika, de haute qualit\u00e9 et fini, est facile \u00e0 utiliser et fiable. Chaque panneau de verre coulisse sur son propre rail, formant une cha\u00eene. En tirant le premier panneau, tous les panneaux peuvent \u00eatre facilement ouverts, empil\u00e9s et ferm\u00e9s en les tirant \u00e0 leur place. Le syst\u00e8me de porte coulissante peut \u00eatre utilis\u00e9 toute l&rsquo;ann\u00e9e.[\/vc_column_text][mk_padding_divider size=\u00a0\u00bb30&Prime; visibility=\u00a0\u00bbhidden-tl\u00a0\u00bb][\/vc_column][\/vc_row][vc_row equal_columns=\u00a0\u00bbtrue\u00a0\u00bb attached=\u00a0\u00bbtrue\u00a0\u00bb el_class=\u00a0\u00bbrivi\u00a0\u00bb][vc_column width=\u00a0\u00bb1\/2&Prime; css=\u00a0\u00bb.vc_custom_1530089835274{padding-left: 20px !important;}\u00a0\u00bb][vc_column_text el_class=\u00a0\u00bbtekstilaatikko\u00a0\u00bb css=\u00a0\u00bb.vc_custom_1645622148562{margin-bottom: 0px !important;padding-top: 20px !important;padding-right: 20px !important;padding-bottom: 20px !important;padding-left: 20px !important;}\u00a0\u00bb]La couleur du cadre en aluminium entourant les \u00e9l\u00e9ments en verre peut \u00eatre choisie en fonction de l&rsquo;aspect visuel de la maison. Il est \u00e9galement possible de verrouiller la porte coulissante, ce qui augmente la s\u00e9curit\u00e9 de la maison et des meubles.<\/p>\n<p>Le syst\u00e8me de porte coulissante CoverAika peut \u00eatre utilis\u00e9 seul ou en combinaison avec d&rsquo;autres produits COVER. Int\u00e9gr\u00e9 \u00e0 l\u2019auvent vitr\u00e9 COVER, CoverAika permet un acc\u00e8s ais\u00e9 de l&rsquo;ext\u00e9rieur \u00e0 la terrasse et inversement.[\/vc_column_text][mk_padding_divider size=\u00a0\u00bb30&Prime; visibility=\u00a0\u00bbhidden-tl\u00a0\u00bb][\/vc_column][vc_column width=\u00a0\u00bb1\/2&Prime;][vc_video link=\u00a0\u00bbhttps:\/\/www.youtube.com\/watch?v=DzBpU3D6lyA\u00a0\u00bb][\/vc_column][\/vc_row][mk_page_section full_width=\u00a0\u00bbtrue\u00a0\u00bb js_vertical_centered=\u00a0\u00bbtrue\u00a0\u00bb padding_top=\u00a0\u00bb30&Prime; padding_bottom=\u00a0\u00bb0&Prime; top_shape_size=\u00a0\u00bbsmall\u00a0\u00bb top_shape_color=\u00a0\u00bb#ffffff\u00a0\u00bb top_shape_bg_color=\u00a0\u00bb#dd3333&Prime; sidebar=\u00a0\u00bbsidebar-1&Prime;][vc_column][rev_slider_vc alias=\u00a0\u00bbpystypuitteellinen\u00a0\u00bb][\/vc_column][\/mk_page_section]\n<\/div>","protected":false},"excerpt":{"rendered":"<p>[mk_page_section bg_image=\u00a0\u00bbhttps:\/\/www.coverlasitus.fi\/wp-content\/uploads\/2022\/02\/coveraika_house1-cam16.jpg\u00a0\u00bb bg_position=\u00a0\u00bbcenter center\u00a0\u00bb bg_repeat=\u00a0\u00bbno-repeat\u00a0\u00bb bg_stretch=\u00a0\u00bbtrue\u00a0\u00bb enable_3d=\u00a0\u00bbtrue\u00a0\u00bb min_height=\u00a0\u00bb450&Prime; full_width=\u00a0\u00bbtrue\u00a0\u00bb padding_top=\u00a0\u00bb0&Prime; padding_bottom=\u00a0\u00bb40&Prime; sidebar=\u00a0\u00bbsidebar-1&Prime;][vc_column][\/vc_column][\/mk_page_section][vc_row][vc_column width=\u00a0\u00bb1\/6&Prime;][\/vc_column][vc_column width=\u00a0\u00bb2\/3&Prime;][mk_padding_divider][vc_column_text css=\u00a0\u00bb.vc_custom_1645622129007{margin-bottom: 0px !important;}\u00a0\u00bb] CoverAika, vitrage coulissant avec cadre Donnez un nouvel aspect \u00e0 votre terrasse en ajoutant un vitrage coulissant avec cadre CoverAiks. M\u00eame les grands \u00e9l\u00e9ments en verre coulissent facilement ensemble et, lorsqu&rsquo;ils sont ferm\u00e9s, ils offrent une protection \u00e9tanche [&hellip;]<\/p>\n","protected":false},"author":1,"featured_media":0,"parent":801,"menu_order":0,"comment_status":"closed","ping_status":"closed","template":"","meta":{"footnotes":""},"class_list":["post-815","page","type-page","status-publish","hentry"],"_links":{"self":[{"href":"https:\/\/www.coverlasitus.fi\/fr\/wp-json\/wp\/v2\/pages\/815","targetHints":{"allow":["GET"]}}],"collection":[{"href":"https:\/\/www.coverlasitus.fi\/fr\/wp-json\/wp\/v2\/pages"}],"about":[{"href":"https:\/\/www.coverlasitus.fi\/fr\/wp-json\/wp\/v2\/types\/page"}],"author":[{"embeddable":true,"href":"https:\/\/www.coverlasitus.fi\/fr\/wp-json\/wp\/v2\/users\/1"}],"replies":[{"embeddable":true,"href":"https:\/\/www.coverlasitus.fi\/fr\/wp-json\/wp\/v2\/comments?post=815"}],"version-history":[{"count":3,"href":"https:\/\/www.coverlasitus.fi\/fr\/wp-json\/wp\/v2\/pages\/815\/revisions"}],"predecessor-version":[{"id":2235,"href":"https:\/\/www.coverlasitus.fi\/fr\/wp-json\/wp\/v2\/pages\/815\/revisions\/2235"}],"up":[{"embeddable":true,"href":"https:\/\/www.coverlasitus.fi\/fr\/wp-json\/wp\/v2\/pages\/801"}],"wp:attachment":[{"href":"https:\/\/www.coverlasitus.fi\/fr\/wp-json\/wp\/v2\/media?parent=815"}],"curies":[{"name":"wp","href":"https:\/\/api.w.org\/{rel}","templated":true}]}}