{"id":810,"date":"2018-10-02T08:36:08","date_gmt":"2018-10-02T05:36:08","guid":{"rendered":"http:\/\/cover.fi\/?page_id=810"},"modified":"2025-03-14T09:34:12","modified_gmt":"2025-03-14T07:34:12","slug":"stores","status":"publish","type":"page","link":"https:\/\/www.coverlasitus.fi\/fr\/produits\/stores\/","title":{"rendered":"Stores"},"content":{"rendered":"<div class=\"wpb-content-wrapper\">[mk_page_section bg_image=\u00a0\u00bbhttps:\/\/cover.fi\/wp-content\/uploads\/2018\/09\/aurinkosuojaverhot-hero.jpg\u00a0\u00bb bg_position=\u00a0\u00bbcenter center\u00a0\u00bb bg_repeat=\u00a0\u00bbno-repeat\u00a0\u00bb bg_stretch=\u00a0\u00bbtrue\u00a0\u00bb enable_3d=\u00a0\u00bbtrue\u00a0\u00bb min_height=\u00a0\u00bb450&Prime; full_width=\u00a0\u00bbtrue\u00a0\u00bb padding_top=\u00a0\u00bb0&Prime; padding_bottom=\u00a0\u00bb40&Prime; sidebar=\u00a0\u00bbsidebar-1&Prime;][vc_column][\/vc_column][\/mk_page_section][vc_row][vc_column width=\u00a0\u00bb1\/6&Prime;][\/vc_column][vc_column width=\u00a0\u00bb2\/3&Prime;][mk_padding_divider][vc_column_text css=\u00a0\u00bb.vc_custom_1538390174906{margin-bottom: 0px !important;}\u00a0\u00bb]\n<h1 style=\"text-align: center;\">Stores<\/h1>\n<h3 style=\"text-align: center;\">Le syst\u00e8me de stores, directement int\u00e9gr\u00e9 aux vitrages, est disponible avec diff\u00e9rents textiles, motifs et couleurs, afin de les harmoniser avec vos fournitures. Le niveau de transparence des stores peut \u00e9galement \u00eatre s\u00e9lectionn\u00e9, d\u2019un tissu g\u00e9n\u00e9rateur de lumi\u00e8re \u00e0 une solution totalement opaque.<br \/>\nLe choix est entre vos mains!<\/h3>\n[\/vc_column_text][mk_padding_divider][\/vc_column][vc_column width=\u00a0\u00bb1\/6&Prime;][\/vc_column][\/vc_row][vc_row equal_columns=\u00a0\u00bbtrue\u00a0\u00bb attached=\u00a0\u00bbtrue\u00a0\u00bb css=\u00a0\u00bb.vc_custom_1530091442087{margin-bottom: 0px !important;border-bottom-width: 0px !important;padding-bottom: 0px !important;}\u00a0\u00bb el_class=\u00a0\u00bbrivi\u00a0\u00bb][vc_column width=\u00a0\u00bb1\/2&Prime; css=\u00a0\u00bb.vc_custom_1530089966823{padding-top: 0px !important;padding-right: 0px !important;padding-bottom: 0px !important;padding-left: 0px !important;}\u00a0\u00bb][mk_image src=\u00a0\u00bbhttps:\/\/www.coverlasitus.fi\/wp-content\/uploads\/2025\/03\/aurinkosuojaverhot.jpg\u00a0\u00bb image_size=\u00a0\u00bbfull\u00a0\u00bb el_class=\u00a0\u00bbtuotefiilis\u00a0\u00bb][\/vc_column][vc_column width=\u00a0\u00bb1\/2&Prime; css=\u00a0\u00bb.vc_custom_1530089975080{padding-top: 0px !important;padding-right: 20px !important;padding-bottom: 0px !important;padding-left: 0px !important;}\u00a0\u00bb][mk_padding_divider size=\u00a0\u00bb15&Prime;][vc_column_text el_class=\u00a0\u00bbtekstilaatikko\u00a0\u00bb css=\u00a0\u00bb.vc_custom_1741937643853{margin-bottom: 0px !important;padding-right: 25px !important;padding-left: 25px !important;}\u00a0\u00bb]POURQUOI LES STORES?<br \/>\nAvec des mat\u00e9riaux r\u00e9sistants, de qualit\u00e9 et sur mesure, les stores de type pliss\u00e9 vous offrent \u00e0 la fois une plus grande confidentialit\u00e9, tout en vous permettant de r\u00e9guler la quantit\u00e9 de lumi\u00e8re et de chaleur entrante.<\/p>\n<p>Les stores peuvent \u00eatre int\u00e9gr\u00e9s directement aux profil\u00e9s de vitrage des syst\u00e8mes COVER, augmentant leur esth\u00e9tique et leur convivialit\u00e9, tout en \u00e9vitant l\u2019ajout de rideaux suppl\u00e9mentaires sur les structures environnantes.[\/vc_column_text][\/vc_column][\/vc_row][vc_row equal_columns=\u00a0\u00bbtrue\u00a0\u00bb attached=\u00a0\u00bbtrue\u00a0\u00bb el_class=\u00a0\u00bbrivi\u00a0\u00bb][vc_column width=\u00a0\u00bb1\/2&Prime; css=\u00a0\u00bb.vc_custom_1530089835274{padding-left: 20px !important;}\u00a0\u00bb][mk_padding_divider size=\u00a0\u00bb15&Prime;][vc_column_text el_class=\u00a0\u00bbtekstilaatikko\u00a0\u00bb css=\u00a0\u00bb.vc_custom_1741937649575{margin-bottom: 0px !important;padding-right: 25px !important;padding-left: 25px !important;}\u00a0\u00bb]Les petites dimensions aux extr\u00e9mit\u00e9s hautes et basses des profil\u00e9s des stores permettent leur utilisation optimale avec le syst\u00e8me de vitrage pour balcon ou pour terrasse COVER, en formant une entit\u00e9 esth\u00e9tiquement fonctionnelle.<\/p>\n<p>Les stores sont produits par l\u2019entreprise allemande renomm\u00e9e Visor Ltd.<\/p>\n[\/vc_column_text][mk_image src=\u00a0\u00bbhttps:\/\/www.coverlasitus.fi\/wp-content\/uploads\/2025\/03\/visor-logo.png\u00a0\u00bb image_size=\u00a0\u00bbmedium\u00a0\u00bb el_class=\u00a0\u00bbtuotefiilis\u00a0\u00bb][\/vc_column][vc_column width=\u00a0\u00bb1\/2&Prime;][vc_video link=\u00a0\u00bbhttps:\/\/www.youtube.com\/watch?v=NSo_Sp2fZPw\u00a0\u00bb][mk_padding_divider size=\u00a0\u00bb15&Prime;][\/vc_column][\/vc_row][vc_row equal_columns=\u00a0\u00bbtrue\u00a0\u00bb attached=\u00a0\u00bbtrue\u00a0\u00bb el_class=\u00a0\u00bbrivi\u00a0\u00bb][vc_column width=\u00a0\u00bb1\/2&Prime;][\/vc_column][vc_column width=\u00a0\u00bb1\/2&Prime; css=\u00a0\u00bb.vc_custom_1530089835274{padding-left: 20px !important;}\u00a0\u00bb][\/vc_column][\/vc_row][mk_page_section full_width=\u00a0\u00bbtrue\u00a0\u00bb js_vertical_centered=\u00a0\u00bbtrue\u00a0\u00bb padding_top=\u00a0\u00bb30&Prime; padding_bottom=\u00a0\u00bb0&Prime; top_shape_size=\u00a0\u00bbsmall\u00a0\u00bb top_shape_color=\u00a0\u00bb#ffffff\u00a0\u00bb top_shape_bg_color=\u00a0\u00bb#dd3333&Prime; sidebar=\u00a0\u00bbsidebar-1&Prime;][vc_column][rev_slider_vc alias=\u00a0\u00bbaurinkosuojaverhot\u00a0\u00bb][\/vc_column][\/mk_page_section]\n<\/div>","protected":false},"excerpt":{"rendered":"<p>[mk_page_section bg_image=\u00a0\u00bbhttps:\/\/cover.fi\/wp-content\/uploads\/2018\/09\/aurinkosuojaverhot-hero.jpg\u00a0\u00bb bg_position=\u00a0\u00bbcenter center\u00a0\u00bb bg_repeat=\u00a0\u00bbno-repeat\u00a0\u00bb bg_stretch=\u00a0\u00bbtrue\u00a0\u00bb enable_3d=\u00a0\u00bbtrue\u00a0\u00bb min_height=\u00a0\u00bb450&Prime; full_width=\u00a0\u00bbtrue\u00a0\u00bb padding_top=\u00a0\u00bb0&Prime; padding_bottom=\u00a0\u00bb40&Prime; sidebar=\u00a0\u00bbsidebar-1&Prime;][vc_column][\/vc_column][\/mk_page_section][vc_row][vc_column width=\u00a0\u00bb1\/6&Prime;][\/vc_column][vc_column width=\u00a0\u00bb2\/3&Prime;][mk_padding_divider][vc_column_text css=\u00a0\u00bb.vc_custom_1538390174906{margin-bottom: 0px !important;}\u00a0\u00bb] Stores Le syst\u00e8me de stores, directement int\u00e9gr\u00e9 aux vitrages, est disponible avec diff\u00e9rents textiles, motifs et couleurs, afin de les harmoniser avec vos fournitures. Le niveau de transparence des stores peut \u00e9galement \u00eatre s\u00e9lectionn\u00e9, d\u2019un tissu g\u00e9n\u00e9rateur de [&hellip;]<\/p>\n","protected":false},"author":1,"featured_media":0,"parent":801,"menu_order":0,"comment_status":"closed","ping_status":"closed","template":"","meta":{"footnotes":""},"class_list":["post-810","page","type-page","status-publish","hentry"],"_links":{"self":[{"href":"https:\/\/www.coverlasitus.fi\/fr\/wp-json\/wp\/v2\/pages\/810","targetHints":{"allow":["GET"]}}],"collection":[{"href":"https:\/\/www.coverlasitus.fi\/fr\/wp-json\/wp\/v2\/pages"}],"about":[{"href":"https:\/\/www.coverlasitus.fi\/fr\/wp-json\/wp\/v2\/types\/page"}],"author":[{"embeddable":true,"href":"https:\/\/www.coverlasitus.fi\/fr\/wp-json\/wp\/v2\/users\/1"}],"replies":[{"embeddable":true,"href":"https:\/\/www.coverlasitus.fi\/fr\/wp-json\/wp\/v2\/comments?post=810"}],"version-history":[{"count":4,"href":"https:\/\/www.coverlasitus.fi\/fr\/wp-json\/wp\/v2\/pages\/810\/revisions"}],"predecessor-version":[{"id":2915,"href":"https:\/\/www.coverlasitus.fi\/fr\/wp-json\/wp\/v2\/pages\/810\/revisions\/2915"}],"up":[{"embeddable":true,"href":"https:\/\/www.coverlasitus.fi\/fr\/wp-json\/wp\/v2\/pages\/801"}],"wp:attachment":[{"href":"https:\/\/www.coverlasitus.fi\/fr\/wp-json\/wp\/v2\/media?parent=810"}],"curies":[{"name":"wp","href":"https:\/\/api.w.org\/{rel}","templated":true}]}}