{"id":551,"date":"2018-09-23T15:16:23","date_gmt":"2018-09-23T12:16:23","guid":{"rendered":"http:\/\/cover.fi\/?page_id=551"},"modified":"2019-07-05T09:45:10","modified_gmt":"2019-07-05T06:45:10","slug":"vitrage-pour-balcon","status":"publish","type":"page","link":"https:\/\/www.coverlasitus.fi\/fr\/produits\/vitrage-pour-balcon\/","title":{"rendered":"Vitrage pour balcon"},"content":{"rendered":"<div class=\"wpb-content-wrapper\">[mk_page_section bg_image=\u00a0\u00bbhttps:\/\/cover.fi\/wp-content\/uploads\/2018\/06\/parvekekuva.jpg\u00a0\u00bb bg_position=\u00a0\u00bbcenter center\u00a0\u00bb bg_repeat=\u00a0\u00bbno-repeat\u00a0\u00bb bg_stretch=\u00a0\u00bbtrue\u00a0\u00bb enable_3d=\u00a0\u00bbtrue\u00a0\u00bb min_height=\u00a0\u00bb450&Prime; full_width=\u00a0\u00bbtrue\u00a0\u00bb padding_top=\u00a0\u00bb0&Prime; padding_bottom=\u00a0\u00bb40&Prime; sidebar=\u00a0\u00bbsidebar-1&Prime;][vc_column][\/vc_column][\/mk_page_section][vc_row][vc_column width=\u00a0\u00bb1\/6&Prime;][\/vc_column][vc_column width=\u00a0\u00bb2\/3&Prime;][mk_padding_divider][vc_column_text css=\u00a0\u00bb.vc_custom_1533284949587{margin-bottom: 0px !important;}\u00a0\u00bb]\n<h1 style=\"text-align: center;\">Frameless Balcony Glazing System<\/h1>\n<h3 style=\"text-align: center;\">The stylish, high-quality COVER balcony glazing system without vertical frames is suited for balconies of many different shapes. You can create a stylish outdoor room or an oasis on your balcony and enjoy it carefree. COVER balcony glazing can withstand even the toughest weather conditions.<\/h3>\n[\/vc_column_text][mk_padding_divider][\/vc_column][vc_column width=\u00a0\u00bb1\/6&Prime;][\/vc_column][\/vc_row][vc_row equal_columns=\u00a0\u00bbtrue\u00a0\u00bb attached=\u00a0\u00bbtrue\u00a0\u00bb css=\u00a0\u00bb.vc_custom_1530091442087{margin-bottom: 0px !important;border-bottom-width: 0px !important;padding-bottom: 0px !important;}\u00a0\u00bb el_class=\u00a0\u00bbrivi\u00a0\u00bb][vc_column width=\u00a0\u00bb1\/2&Prime; css=\u00a0\u00bb.vc_custom_1530089975080{padding-top: 0px !important;padding-right: 20px !important;padding-bottom: 0px !important;padding-left: 0px !important;}\u00a0\u00bb][mk_padding_divider size=\u00a0\u00bb15&Prime;][vc_column_text el_class=\u00a0\u00bbtekstilaatikko\u00a0\u00bb css=\u00a0\u00bb.vc_custom_1550812517001{margin-bottom: 0px !important;}\u00a0\u00bb]In sunny weather, COVER Frameless Balcony Glazing System is easy to open completely or partly. In rainy, windy or cold conditions the balcony glazing is easily and quickly closed. The glazing protects balcony furniture and decreases the maintenance need of the balcony. The glazing creates a vestibule between the outside and the inside and thus increases the energy efficiency of the property.<\/p>\n<p>Thanks to the high-quality horizontal running wheels, COVER Frameless Balcony Glazing System can be installed on balconies of any shape, both round and angular.[\/vc_column_text][\/vc_column][vc_column width=\u00a0\u00bb1\/2&Prime; css=\u00a0\u00bb.vc_custom_1530089966823{padding-top: 0px !important;padding-right: 0px !important;padding-bottom: 0px !important;padding-left: 0px !important;}\u00a0\u00bb][mk_image src=\u00a0\u00bbhttps:\/\/cover.fi\/wp-content\/uploads\/2019\/01\/parvekelasitus-01.jpg\u00a0\u00bb image_size=\u00a0\u00bbfull\u00a0\u00bb el_class=\u00a0\u00bbtuotefiilis\u00a0\u00bb][\/vc_column][\/vc_row][vc_row equal_columns=\u00a0\u00bbtrue\u00a0\u00bb attached=\u00a0\u00bbtrue\u00a0\u00bb el_class=\u00a0\u00bbrivi\u00a0\u00bb][vc_column width=\u00a0\u00bb1\/2&Prime;][mk_image src=\u00a0\u00bbhttps:\/\/cover.fi\/wp-content\/uploads\/2019\/01\/parvekelasitus-02.jpg\u00a0\u00bb image_size=\u00a0\u00bbfull\u00a0\u00bb el_class=\u00a0\u00bbtuotefiilis\u00a0\u00bb][\/vc_column][vc_column width=\u00a0\u00bb1\/2&Prime; css=\u00a0\u00bb.vc_custom_1530089835274{padding-left: 20px !important;}\u00a0\u00bb][mk_padding_divider size=\u00a0\u00bb15&Prime;][vc_column_text el_class=\u00a0\u00bbtekstilaatikko\u00a0\u00bb css=\u00a0\u00bb.vc_custom_1533284968589{margin-bottom: 0px !important;}\u00a0\u00bb]The glazing is always fitted in a way that is easy to use and stylish and the workmanship is of course top-quality &#8211; the glass elements slide lightly over angles with different degrees.<\/p>\n<p>The COVER Frameless Balcony Glazing System has been awarded European technical approval, which entitles the use of the CE marking. This way, you can be sure that the COVER system is a safe choice for protecting your property\u2019s additional space or for crowning your view.[\/vc_column_text][\/vc_column][\/vc_row][vc_row equal_columns=\u00a0\u00bbtrue\u00a0\u00bb attached=\u00a0\u00bbtrue\u00a0\u00bb css=\u00a0\u00bb.vc_custom_1530091442087{margin-bottom: 0px !important;border-bottom-width: 0px !important;padding-bottom: 0px !important;}\u00a0\u00bb el_class=\u00a0\u00bbrivi\u00a0\u00bb][vc_column width=\u00a0\u00bb1\/2&Prime; css=\u00a0\u00bb.vc_custom_1530089975080{padding-top: 0px !important;padding-right: 20px !important;padding-bottom: 0px !important;padding-left: 0px !important;}\u00a0\u00bb][\/vc_column][vc_column width=\u00a0\u00bb1\/2&Prime; css=\u00a0\u00bb.vc_custom_1530089966823{padding-top: 0px !important;padding-right: 0px !important;padding-bottom: 0px !important;padding-left: 0px !important;}\u00a0\u00bb][vc_video link=\u00a0\u00bbhttps:\/\/www.youtube.com\/watch?v=C-fEqyRX7QU\u00a0\u00bb][mk_padding_divider size=\u00a0\u00bb10&Prime; visibility=\u00a0\u00bbhidden-sm\u00a0\u00bb][\/vc_column][\/vc_row][mk_page_section full_width=\u00a0\u00bbtrue\u00a0\u00bb js_vertical_centered=\u00a0\u00bbtrue\u00a0\u00bb padding_top=\u00a0\u00bb30&Prime; padding_bottom=\u00a0\u00bb0&Prime; top_shape_size=\u00a0\u00bbsmall\u00a0\u00bb top_shape_color=\u00a0\u00bb#ffffff\u00a0\u00bb top_shape_bg_color=\u00a0\u00bb#dd3333&Prime; sidebar=\u00a0\u00bbsidebar-1&Prime;][vc_column][rev_slider_vc alias=\u00a0\u00bbparvekelasitus\u00a0\u00bb][\/vc_column][\/mk_page_section]\n[mk_page_section bg_image=\u00a0\u00bbhttps:\/\/cover.fi\/wp-content\/uploads\/2018\/06\/parvekekuva.jpg\u00a0\u00bb bg_position=\u00a0\u00bbcenter center\u00a0\u00bb bg_repeat=\u00a0\u00bbno-repeat\u00a0\u00bb bg_stretch=\u00a0\u00bbtrue\u00a0\u00bb enable_3d=\u00a0\u00bbtrue\u00a0\u00bb min_height=\u00a0\u00bb450&Prime; full_width=\u00a0\u00bbtrue\u00a0\u00bb padding_top=\u00a0\u00bb0&Prime; padding_bottom=\u00a0\u00bb40&Prime; sidebar=\u00a0\u00bbsidebar-1&Prime;][vc_column][\/vc_column][\/mk_page_section][vc_row][vc_column width=\u00a0\u00bb1\/6&Prime;][\/vc_column][vc_column width=\u00a0\u00bb2\/3&Prime;][mk_padding_divider][vc_column_text css=\u00a0\u00bb.vc_custom_1538458679141{margin-bottom: 0px !important;}\u00a0\u00bb]\n<h1 style=\"text-align: center;\">Vitrage pour balcon<\/h1>\n<h3 style=\"text-align: center;\">Le syst\u00e8me de vitrage mobile sans cadre pour balcon COVER, \u00e9l\u00e9gant et de haute qualit\u00e9, s\u2019adapte \u00e0 diff\u00e9rentes formes de balcon. Vous pouvez am\u00e9nager votre balcon en tant que pi\u00e8ce ext\u00e9rieure ou oasis sur la terrasse et profiter tranquillement du plein air. Le vitrage COVER est r\u00e9sistant m\u00eame sous des conditions m\u00e9t\u00e9orologiques tr\u00e8s dures.<\/h3>\n[\/vc_column_text][mk_padding_divider][\/vc_column][vc_column width=\u00a0\u00bb1\/6&Prime;][\/vc_column][\/vc_row][vc_row equal_columns=\u00a0\u00bbtrue\u00a0\u00bb attached=\u00a0\u00bbtrue\u00a0\u00bb css=\u00a0\u00bb.vc_custom_1530091442087{margin-bottom: 0px !important;border-bottom-width: 0px !important;padding-bottom: 0px !important;}\u00a0\u00bb el_class=\u00a0\u00bbrivi\u00a0\u00bb][vc_column width=\u00a0\u00bb1\/2&Prime; css=\u00a0\u00bb.vc_custom_1530089975080{padding-top: 0px !important;padding-right: 20px !important;padding-bottom: 0px !important;padding-left: 0px !important;}\u00a0\u00bb][mk_padding_divider size=\u00a0\u00bb15&Prime;][vc_column_text el_class=\u00a0\u00bbtekstilaatikko\u00a0\u00bb css=\u00a0\u00bb.vc_custom_1538458703403{margin-bottom: 0px !important;}\u00a0\u00bb]Par temps ensoleill\u00e9, les vitrages COVER peuvent \u00eatre ais\u00e9ment ouverts, partiellement ou compl\u00e8tement. En cas de pluie, de vent ou de gel, les vitrages peuvent \u00eatre referm\u00e9s rapidement. Les vitrages prot\u00e8gent les fournitures et diminuent consid\u00e9rablement l\u2019entretien et le nettoyage du balcon. Les vitrages transforment le balcon en un espace tampon entre l\u2019espace habit\u00e9 int\u00e9rieur et l\u2019ext\u00e9rieur, ce qui permet d\u2019optimiser la consommation \u00e9nerg\u00e9tique du logement.<\/p>\n<p>Gr\u00e2ce \u00e0 ses roulettes de haute qualit\u00e9, les vitrages COVER peuvent \u00eatre install\u00e9s ais\u00e9ment pour des balcons droits, angulaires ou incurv\u00e9s.[\/vc_column_text][\/vc_column][vc_column width=\u00a0\u00bb1\/2&Prime; css=\u00a0\u00bb.vc_custom_1530089966823{padding-top: 0px !important;padding-right: 0px !important;padding-bottom: 0px !important;padding-left: 0px !important;}\u00a0\u00bb][mk_image src=\u00a0\u00bbhttps:\/\/cover.fi\/wp-content\/uploads\/2019\/01\/parvekelasitus-01.jpg\u00a0\u00bb image_size=\u00a0\u00bbfull\u00a0\u00bb el_class=\u00a0\u00bbtuotefiilis\u00a0\u00bb][\/vc_column][\/vc_row][vc_row equal_columns=\u00a0\u00bbtrue\u00a0\u00bb attached=\u00a0\u00bbtrue\u00a0\u00bb el_class=\u00a0\u00bbrivi\u00a0\u00bb][vc_column width=\u00a0\u00bb1\/2&Prime;][mk_image src=\u00a0\u00bbhttps:\/\/cover.fi\/wp-content\/uploads\/2019\/01\/parvekelasitus-02.jpg\u00a0\u00bb image_size=\u00a0\u00bbfull\u00a0\u00bb el_class=\u00a0\u00bbtuotefiilis\u00a0\u00bb][\/vc_column][vc_column width=\u00a0\u00bb1\/2&Prime; css=\u00a0\u00bb.vc_custom_1530089835274{padding-left: 20px !important;}\u00a0\u00bb][mk_padding_divider size=\u00a0\u00bb15&Prime;][vc_column_text el_class=\u00a0\u00bbtekstilaatikko\u00a0\u00bb css=\u00a0\u00bb.vc_custom_1538458725711{margin-bottom: 0px !important;}\u00a0\u00bb]Les vitrages pour balcon sont faciles \u00e0 manier, \u00e9l\u00e9gants et de haute qualit\u00e9 \u2013 les vitrages se d\u00e9placement ais\u00e9ment sous diff\u00e9rents angles.<\/p>\n<p>Le syst\u00e8me de vitrage COVER est certifi\u00e9 au niveau europ\u00e9en, ce qui lui permet d\u2019utiliser la certification CE. Ainsi, vous pouvez \u00eatre certain que le syst\u00e8me COVER est le choix le plus s\u00fbr pour prot\u00e9ger les m\u00e8tres carr\u00e9s additionnels de votre logement et pour profiter pleinement de la vue offerte.[\/vc_column_text][\/vc_column][\/vc_row][vc_row equal_columns=\u00a0\u00bbtrue\u00a0\u00bb attached=\u00a0\u00bbtrue\u00a0\u00bb css=\u00a0\u00bb.vc_custom_1530091442087{margin-bottom: 0px !important;border-bottom-width: 0px !important;padding-bottom: 0px !important;}\u00a0\u00bb el_class=\u00a0\u00bbrivi\u00a0\u00bb][vc_column width=\u00a0\u00bb1\/2&Prime; css=\u00a0\u00bb.vc_custom_1530089975080{padding-top: 0px !important;padding-right: 20px !important;padding-bottom: 0px !important;padding-left: 0px !important;}\u00a0\u00bb][\/vc_column][vc_column width=\u00a0\u00bb1\/2&Prime; css=\u00a0\u00bb.vc_custom_1530089966823{padding-top: 0px !important;padding-right: 0px !important;padding-bottom: 0px !important;padding-left: 0px !important;}\u00a0\u00bb][vc_video link=\u00a0\u00bbhttps:\/\/www.youtube.com\/watch?v=C-fEqyRX7QU\u00a0\u00bb][mk_padding_divider size=\u00a0\u00bb10&Prime; visibility=\u00a0\u00bbhidden-sm\u00a0\u00bb][\/vc_column][\/vc_row][mk_page_section full_width=\u00a0\u00bbtrue\u00a0\u00bb js_vertical_centered=\u00a0\u00bbtrue\u00a0\u00bb padding_top=\u00a0\u00bb30&Prime; padding_bottom=\u00a0\u00bb0&Prime; top_shape_size=\u00a0\u00bbsmall\u00a0\u00bb top_shape_color=\u00a0\u00bb#ffffff\u00a0\u00bb top_shape_bg_color=\u00a0\u00bb#dd3333&Prime; sidebar=\u00a0\u00bbsidebar-1&Prime;][vc_column][rev_slider_vc alias=\u00a0\u00bbparvekelasitus\u00a0\u00bb][\/vc_column][\/mk_page_section]\n<\/div>","protected":false},"excerpt":{"rendered":"<p>[mk_page_section bg_image=\u00a0\u00bbhttps:\/\/cover.fi\/wp-content\/uploads\/2018\/06\/parvekekuva.jpg\u00a0\u00bb bg_position=\u00a0\u00bbcenter center\u00a0\u00bb bg_repeat=\u00a0\u00bbno-repeat\u00a0\u00bb bg_stretch=\u00a0\u00bbtrue\u00a0\u00bb enable_3d=\u00a0\u00bbtrue\u00a0\u00bb min_height=\u00a0\u00bb450&Prime; full_width=\u00a0\u00bbtrue\u00a0\u00bb padding_top=\u00a0\u00bb0&Prime; padding_bottom=\u00a0\u00bb40&Prime; sidebar=\u00a0\u00bbsidebar-1&Prime;][vc_column][\/vc_column][\/mk_page_section][vc_row][vc_column width=\u00a0\u00bb1\/6&Prime;][\/vc_column][vc_column width=\u00a0\u00bb2\/3&Prime;][mk_padding_divider][vc_column_text css=\u00a0\u00bb.vc_custom_1533284949587{margin-bottom: 0px !important;}\u00a0\u00bb] Frameless Balcony Glazing System The stylish, high-quality COVER balcony glazing system without vertical frames is suited for balconies of many different shapes. You can create a stylish outdoor room or an oasis on your balcony and enjoy it [&hellip;]<\/p>\n","protected":false},"author":1,"featured_media":0,"parent":801,"menu_order":0,"comment_status":"closed","ping_status":"closed","template":"","meta":{"footnotes":""},"class_list":["post-551","page","type-page","status-publish","hentry"],"_links":{"self":[{"href":"https:\/\/www.coverlasitus.fi\/fr\/wp-json\/wp\/v2\/pages\/551","targetHints":{"allow":["GET"]}}],"collection":[{"href":"https:\/\/www.coverlasitus.fi\/fr\/wp-json\/wp\/v2\/pages"}],"about":[{"href":"https:\/\/www.coverlasitus.fi\/fr\/wp-json\/wp\/v2\/types\/page"}],"author":[{"embeddable":true,"href":"https:\/\/www.coverlasitus.fi\/fr\/wp-json\/wp\/v2\/users\/1"}],"replies":[{"embeddable":true,"href":"https:\/\/www.coverlasitus.fi\/fr\/wp-json\/wp\/v2\/comments?post=551"}],"version-history":[{"count":0,"href":"https:\/\/www.coverlasitus.fi\/fr\/wp-json\/wp\/v2\/pages\/551\/revisions"}],"up":[{"embeddable":true,"href":"https:\/\/www.coverlasitus.fi\/fr\/wp-json\/wp\/v2\/pages\/801"}],"wp:attachment":[{"href":"https:\/\/www.coverlasitus.fi\/fr\/wp-json\/wp\/v2\/media?parent=551"}],"curies":[{"name":"wp","href":"https:\/\/api.w.org\/{rel}","templated":true}]}}