{"id":2120,"date":"2021-02-25T10:06:50","date_gmt":"2021-02-25T08:06:50","guid":{"rendered":"https:\/\/www.cover.fi\/?page_id=2120"},"modified":"2021-03-03T12:40:37","modified_gmt":"2021-03-03T10:40:37","slug":"cover-foldeglas-og-terrasseglas","status":"publish","type":"page","link":"https:\/\/www.coverlasitus.fi\/dk\/","title":{"rendered":"Cover foldeglas og terrasseglas"},"content":{"rendered":"<div class=\"wpb-content-wrapper\">[mk_page_section bg_image=&#8221;http:\/\/cover.fi\/wp-content\/uploads\/2018\/09\/cover-etusivu-v5.jpg&#8221; bg_position=&#8221;center center&#8221; bg_stretch=&#8221;true&#8221; enable_3d=&#8221;true&#8221; min_height=&#8221;475&#8243; full_width=&#8221;true&#8221; padding_top=&#8221;0&#8243; padding_bottom=&#8221;40&#8243; sidebar=&#8221;sidebar-1&#8243;][vc_column][\/vc_column][\/mk_page_section][vc_row][vc_column width=&#8221;1\/6&#8243;][\/vc_column][vc_column width=&#8221;2\/3&#8243;][mk_padding_divider][vc_column_text css=&#8221;.vc_custom_1614767939470{margin-bottom: 0px !important;}&#8221;]\n<h1 style=\"text-align: center;\">TIDL\u00d8SE GLASL\u00d8SNINGER<br \/>\nFRA FINLAND SIDEN 1985.<\/h1>\n<h3 style=\"text-align: center;\">COVER er en verdenspioner inden for den rammel\u00f8se altanrudeindustri.<\/h3>\n<h3 style=\"text-align: center;\">Vi er f\u00f8dt for at \u00e6ndre og skabe en gennemsigtig verden. Vi er \u00e6rlige, \u00e5bne og positive og tilbyder dig og din virksomhed samarbejde med fantastiske, moderne produkter. Vores professionelle personale vil hj\u00e6lpe og st\u00f8tte dig med at f\u00e5 din virksomhed i gang.<\/h3>\n[\/vc_column_text][vc_column_text css=&#8221;.vc_custom_1562307189206{margin-bottom: 0px !important;}&#8221;]\n<p style=\"text-align: center;\"><img loading=\"lazy\" decoding=\"async\" class=\"alignnone size-full wp-image-265\" src=\"https:\/\/cover.fi\/wp-content\/uploads\/2018\/09\/cover-overlap.png\" alt=\"\" width=\"480\" height=\"208\" srcset=\"https:\/\/www.coverlasitus.fi\/wp-content\/uploads\/2018\/09\/cover-overlap.png 960w, https:\/\/www.coverlasitus.fi\/wp-content\/uploads\/2018\/09\/cover-overlap-300x130.png 300w, https:\/\/www.coverlasitus.fi\/wp-content\/uploads\/2018\/09\/cover-overlap-768x333.png 768w\" sizes=\"auto, (max-width: 480px) 100vw, 480px\" \/><\/p>\n<p style=\"text-align: center;\"><img loading=\"lazy\" decoding=\"async\" class=\"aligncenter wp-image-23 \" src=\"https:\/\/cover.fi\/wp-content\/uploads\/2018\/06\/artwork-16.svg\" alt=\"\" width=\"239\" height=\"135\" \/><\/p>\n[\/vc_column_text][mk_button dimension=&#8221;flat&#8221; corner_style=&#8221;rounded&#8221; size=&#8221;large&#8221; url=&#8221;#kontakt&#8221; align=&#8221;center&#8221; margin_top=&#8221;30&#8243; margin_bottom=&#8221;30&#8243; margin_right=&#8221;0&#8243;]Vil du v\u00e6re vores partner? Tag kontakt[\/mk_button][\/vc_column][vc_column width=&#8221;1\/6&#8243;][\/vc_column][\/vc_row][mk_page_section][vc_column width=&#8221;1\/2&#8243;][mk_image src=&#8221;https:\/\/www.coverlasitus.fi\/wp-content\/uploads\/2021\/03\/parvekekuva-1024&#215;788-2.jpg&#8221; image_size=&#8221;full&#8221;][vc_column_text css=&#8221;.vc_custom_1614767973459{margin-bottom: 0px !important;}&#8221;]\n<h3><strong>ALTANGLAS<\/strong><\/h3>\n<p>Det stilfulde COVER altanglassystem af h\u00f8j kvalitet uden lodret ramme er velegnet til mange former for altaner. Du kan skabe et stilfuldt udend\u00f8rs rum eller en oase p\u00e5 din altan og nyde det uden bekymringer. COVER altonglas t\u00e5ler barske vejrforhold.[\/vc_column_text][\/vc_column][vc_column width=&#8221;1\/2&#8243;][mk_image src=&#8221;https:\/\/www.coverlasitus.fi\/wp-content\/uploads\/2021\/03\/coverglobal-terassilasitus-kuva-1024&#215;683-1.jpg&#8221; image_size=&#8221;full&#8221;][vc_column_text css=&#8221;.vc_custom_1614767993935{margin-bottom: 0px !important;}&#8221;]\n<h3><strong>TERRASSEGLAS<\/strong><\/h3>\n<p>Udvid dit hjem. Det lodrette COVER terrasseglassystem giver alsidig ekstra plads til dit hjem \u00e5ret rundt. Vinduer er velegnede til n\u00e6sten alle typer terrasser. Lav en festlig spiseplads, en sjov legeplads for b\u00f8rn eller et hyggeligt afslapningsrum til dig selv. Terrasseglasset skjuler ikke landskabet og er meget let at bruge. Vinduerne modst\u00e5r variationer i vejrforholdene, og du kan drage fordel af den ekstra plads hele \u00e5ret rundt.[\/vc_column_text][\/vc_column][\/mk_page_section][mk_page_section bg_color=&#8221;#f4f4f4&#8243; sidebar=&#8221;sidebar-1&#8243;][vc_column][mk_padding_divider][vc_column_text css=&#8221;.vc_custom_1614768013456{margin-bottom: 0px !important;}&#8221;]Driftsformen og udseendet af terrasseglas og altanglas svarer til hinanden. Terrasseglas er dog st\u00f8rre i areal og ofte tungere pr. kvadratmeter end balkonruder, s\u00e5 holdbarhedskravene stiger. Takket v\u00e6re dets tekniske egenskaber t\u00e5ler det lodrette COVER terrasseglassystem selv de st\u00e6rkeste vindstyrker og skiftende vejrforhold og er derfor velegnet til brug p\u00e5 b\u00e5de altaner og terrasser. Det specielle kuglelejeudstyr giver ogs\u00e5 lettere brug af tungere glaselementer.<\/p>\n<p>COVER-terrasse og altanglas giver ejendommen et f\u00e6rdigt udseende og beskytter dets strukturer og m\u00f8bler. Vinduer giver v\u00e6rdifuld ekstra plads i hjemmet og \u00f8ger komforten. Det er muligt at kombinere forskellige l\u00e5semekanismer i ruden i henhold til kundens \u00f8nsker og krav. I solrigt vejr er ruden let at \u00e5bne helt eller delvist. I regn og vind kan glaselementerne let lukkes. Vinduer beskytter udend\u00f8rs m\u00f8bler og reducerer behovet for renovering og reng\u00f8ring udend\u00f8rs.<\/p>\n<p>COVER-rudesystemet uden lodret ramme har f\u00e5et en europ\u00e6isk teknisk godkendelse, som berettiger brugen af \u200b\u200bCE-m\u00e6rket.[\/vc_column_text][mk_padding_divider][\/vc_column][\/mk_page_section][mk_page_section padding_top=&#8221;50&#8243; padding_bottom=&#8221;50&#8243; section_id=&#8221;kontakt&#8221; sidebar=&#8221;sidebar-1&#8243;][vc_column width=&#8221;1\/6&#8243;][\/vc_column][vc_column width=&#8221;2\/3&#8243;][vc_column_text css=&#8221;.vc_custom_1614666184594{margin-bottom: 0px !important;}&#8221;]\n<h2><strong>Vil du v\u00e6re vores partner? Tag kontakt<\/strong><\/h2>\n[\/vc_column_text]<script type=\"text\/javascript\">\n\/* <![CDATA[ *\/\nvar gform;gform||(document.addEventListener(\"gform_main_scripts_loaded\",function(){gform.scriptsLoaded=!0}),document.addEventListener(\"gform\/theme\/scripts_loaded\",function(){gform.themeScriptsLoaded=!0}),window.addEventListener(\"DOMContentLoaded\",function(){gform.domLoaded=!0}),gform={domLoaded:!1,scriptsLoaded:!1,themeScriptsLoaded:!1,isFormEditor:()=>\"function\"==typeof InitializeEditor,callIfLoaded:function(o){return!(!gform.domLoaded||!gform.scriptsLoaded||!gform.themeScriptsLoaded&&!gform.isFormEditor()||(gform.isFormEditor()&&console.warn(\"The use of gform.initializeOnLoaded() is deprecated in the form editor context and will be removed in Gravity Forms 3.1.\"),o(),0))},initializeOnLoaded:function(o){gform.callIfLoaded(o)||(document.addEventListener(\"gform_main_scripts_loaded\",()=>{gform.scriptsLoaded=!0,gform.callIfLoaded(o)}),document.addEventListener(\"gform\/theme\/scripts_loaded\",()=>{gform.themeScriptsLoaded=!0,gform.callIfLoaded(o)}),window.addEventListener(\"DOMContentLoaded\",()=>{gform.domLoaded=!0,gform.callIfLoaded(o)}))},hooks:{action:{},filter:{}},addAction:function(o,r,e,t){gform.addHook(\"action\",o,r,e,t)},addFilter:function(o,r,e,t){gform.addHook(\"filter\",o,r,e,t)},doAction:function(o){gform.doHook(\"action\",o,arguments)},applyFilters:function(o){return gform.doHook(\"filter\",o,arguments)},removeAction:function(o,r){gform.removeHook(\"action\",o,r)},removeFilter:function(o,r,e){gform.removeHook(\"filter\",o,r,e)},addHook:function(o,r,e,t,n){null==gform.hooks[o][r]&&(gform.hooks[o][r]=[]);var d=gform.hooks[o][r];null==n&&(n=r+\"_\"+d.length),gform.hooks[o][r].push({tag:n,callable:e,priority:t=null==t?10:t})},doHook:function(r,o,e){var t;if(e=Array.prototype.slice.call(e,1),null!=gform.hooks[r][o]&&((o=gform.hooks[r][o]).sort(function(o,r){return o.priority-r.priority}),o.forEach(function(o){\"function\"!=typeof(t=o.callable)&&(t=window[t]),\"action\"==r?t.apply(null,e):e[0]=t.apply(null,e)})),\"filter\"==r)return e[0]},removeHook:function(o,r,t,n){var e;null!=gform.hooks[o][r]&&(e=(e=gform.hooks[o][r]).filter(function(o,r,e){return!!(null!=n&&n!=o.tag||null!=t&&t!=o.priority)}),gform.hooks[o][r]=e)}});\n\/* ]]> *\/\n<\/script>\n\n                <div class='gf_browser_safari gf_browser_iphone gform_wrapper gform_legacy_markup_wrapper gform-theme--no-framework' data-form-theme='legacy' data-form-index='0' id='gform_wrapper_2' ><div id='gf_2' class='gform_anchor' tabindex='-1'><\/div><form method='post' enctype='multipart\/form-data' target='gform_ajax_frame_2' id='gform_2'  action='\/dk\/wp-json\/wp\/v2\/pages\/2120#gf_2' data-formid='2' novalidate>\n                        <div class='gform-body gform_body'><ul id='gform_fields_2' class='gform_fields top_label form_sublabel_below description_below validation_below'><li id=\"field_2_6\" class=\"gfield gfield--type-honeypot gform_validation_container field_sublabel_below gfield--has-description field_description_below field_validation_below gfield_visibility_visible\"  ><label class='gfield_label gform-field-label' for='input_2_6'>Facebook<\/label><div class='ginput_container'><input name='input_6' id='input_2_6' type='text' value='' autocomplete='new-password'\/><\/div><div class='gfield_description' id='gfield_description_2_6'>Dette felt er til validering og b\u00f8r ikke \u00e6ndres.<\/div><\/li><li id=\"field_2_1\" class=\"gfield gfield--type-text gfield_contains_required field_sublabel_below gfield--no-description field_description_below field_validation_below gfield_visibility_visible\"  ><label class='gfield_label gform-field-label' for='input_2_1'>Navn<span class=\"gfield_required\"><span class=\"gfield_required gfield_required_asterisk\">*<\/span><\/span><\/label><div class='ginput_container ginput_container_text'><input name='input_1' id='input_2_1' type='text' value='' class='medium'     aria-required=\"true\" aria-invalid=\"false\"   \/><\/div><\/li><li id=\"field_2_4\" class=\"gfield gfield--type-email gfield_contains_required field_sublabel_below gfield--no-description field_description_below field_validation_below gfield_visibility_visible\"  ><label class='gfield_label gform-field-label' for='input_2_4'>E-mail<span class=\"gfield_required\"><span class=\"gfield_required gfield_required_asterisk\">*<\/span><\/span><\/label><div class='ginput_container ginput_container_email'>\n                            <input name='input_4' id='input_2_4' type='email' value='' class='medium'    aria-required=\"true\" aria-invalid=\"false\"  \/>\n                        <\/div><\/li><li id=\"field_2_2\" class=\"gfield gfield--type-text field_sublabel_below gfield--no-description field_description_below field_validation_below gfield_visibility_visible\"  ><label class='gfield_label gform-field-label' for='input_2_2'>By<\/label><div class='ginput_container ginput_container_text'><input name='input_2' id='input_2_2' type='text' value='' class='medium'      aria-invalid=\"false\"   \/><\/div><\/li><li id=\"field_2_5\" class=\"gfield gfield--type-textarea gfield_contains_required field_sublabel_below gfield--no-description field_description_below field_validation_below gfield_visibility_visible\"  ><label class='gfield_label gform-field-label' for='input_2_5'>Besked<span class=\"gfield_required\"><span class=\"gfield_required gfield_required_asterisk\">*<\/span><\/span><\/label><div class='ginput_container ginput_container_textarea'><textarea name='input_5' id='input_2_5' class='textarea medium'     aria-required=\"true\" aria-invalid=\"false\"   rows='10' cols='50'><\/textarea><\/div><\/li><\/ul><\/div>\n        <div class='gform-footer gform_footer top_label'> <input type='submit' id='gform_submit_button_2' class='gform_button button' onclick='gform.submission.handleButtonClick(this);' data-submission-type='submit' value='Send'  \/> <input type='hidden' name='gform_ajax' value='form_id=2&amp;title=&amp;description=&amp;tabindex=0&amp;theme=legacy&amp;styles=[]&amp;hash=b98613d01fa9f1aa499260e5bd424b0a' \/>\n            <input type='hidden' class='gform_hidden' name='gform_submission_method' data-js='gform_submission_method_2' value='iframe' \/>\n            <input type='hidden' class='gform_hidden' name='gform_theme' data-js='gform_theme_2' id='gform_theme_2' value='legacy' \/>\n            <input type='hidden' class='gform_hidden' name='gform_style_settings' data-js='gform_style_settings_2' id='gform_style_settings_2' value='[]' \/>\n            <input type='hidden' class='gform_hidden' name='is_submit_2' value='1' \/>\n            <input type='hidden' class='gform_hidden' name='gform_submit' value='2' \/>\n            \n            <input type='hidden' class='gform_hidden' name='gform_currency' data-currency='EUR' value='BKuvOdPkAgXPa833hPpOcmDPdRUNm0anuIS0BOUeryoNtXksC3uj6H7gSO6CJwsEQVmB67QGtg4VLvnxJdA5B8PM+XhdYSP92uWMY9XkFdwQY6w=' \/>\n            <input type='hidden' class='gform_hidden' name='gform_unique_id' value='' \/>\n            <input type='hidden' class='gform_hidden' name='state_2' value='WyJbXSIsImJmZDQ3ZmYzNjZhZmE2ZDlhM2M0NzQyNTdkZDJjZjIzIl0=' \/>\n            <input type='hidden' autocomplete='off' class='gform_hidden' name='gform_target_page_number_2' id='gform_target_page_number_2' value='0' \/>\n            <input type='hidden' autocomplete='off' class='gform_hidden' name='gform_source_page_number_2' id='gform_source_page_number_2' value='1' \/>\n            <input type='hidden' name='gform_field_values' value='' \/>\n            \n        <\/div>\n                        <\/form>\n                        <\/div>\n\t\t                <iframe style='display:none;width:0px;height:0px;' src='about:blank' name='gform_ajax_frame_2' id='gform_ajax_frame_2' title='Denne iframe indeholder logikken, der er kr\u00e6vet for at h\u00e5ndtere Gravity Formularer, der bruger Ajax.'><\/iframe>\n\t\t                <script type=\"text\/javascript\">\n\/* <![CDATA[ *\/\n gform.initializeOnLoaded( function() {gformInitSpinner( 2, 'https:\/\/www.coverlasitus.fi\/wp-content\/plugins\/gravityforms\/images\/spinner.svg', true );jQuery('#gform_ajax_frame_2').on('load',function(){var contents = jQuery(this).contents().find('*').html();var is_postback = contents.indexOf('GF_AJAX_POSTBACK') >= 0;if(!is_postback){return;}var form_content = jQuery(this).contents().find('#gform_wrapper_2');var is_confirmation = jQuery(this).contents().find('#gform_confirmation_wrapper_2').length > 0;var is_redirect = contents.indexOf('gformRedirect(){') >= 0;var is_form = form_content.length > 0 && ! is_redirect && ! is_confirmation;var mt = parseInt(jQuery('html').css('margin-top'), 10) + parseInt(jQuery('body').css('margin-top'), 10) + 100;if(is_form){jQuery('#gform_wrapper_2').html(form_content.html());if(form_content.hasClass('gform_validation_error')){jQuery('#gform_wrapper_2').addClass('gform_validation_error');} else {jQuery('#gform_wrapper_2').removeClass('gform_validation_error');}setTimeout( function() { \/* delay the scroll by 50 milliseconds to fix a bug in chrome *\/ jQuery(document).scrollTop(jQuery('#gform_wrapper_2').offset().top - mt); }, 50 );if(window['gformInitDatepicker']) {gformInitDatepicker();}if(window['gformInitPriceFields']) {gformInitPriceFields();}var current_page = jQuery('#gform_source_page_number_2').val();gformInitSpinner( 2, 'https:\/\/www.coverlasitus.fi\/wp-content\/plugins\/gravityforms\/images\/spinner.svg', true );jQuery(document).trigger('gform_page_loaded', [2, current_page]);window['gf_submitting_2'] = false;}else if(!is_redirect){var confirmation_content = jQuery(this).contents().find('.GF_AJAX_POSTBACK').html();if(!confirmation_content){confirmation_content = contents;}jQuery('#gform_wrapper_2').replaceWith(confirmation_content);jQuery(document).scrollTop(jQuery('#gf_2').offset().top - mt);jQuery(document).trigger('gform_confirmation_loaded', [2]);window['gf_submitting_2'] = false;wp.a11y.speak(jQuery('#gform_confirmation_message_2').text());}else{jQuery('#gform_2').append(contents);if(window['gformRedirect']) {gformRedirect();}}jQuery(document).trigger(\"gform_pre_post_render\", [{ formId: \"2\", currentPage: \"current_page\", abort: function() { this.preventDefault(); } }]);        if (event && event.defaultPrevented) {                return;        }        const gformWrapperDiv = document.getElementById( \"gform_wrapper_2\" );        if ( gformWrapperDiv ) {            const visibilitySpan = document.createElement( \"span\" );            visibilitySpan.id = \"gform_visibility_test_2\";            gformWrapperDiv.insertAdjacentElement( \"afterend\", visibilitySpan );        }        const visibilityTestDiv = document.getElementById( \"gform_visibility_test_2\" );        let postRenderFired = false;        function triggerPostRender() {            if ( postRenderFired ) {                return;            }            postRenderFired = true;            gform.core.triggerPostRenderEvents( 2, current_page );            if ( visibilityTestDiv ) {                visibilityTestDiv.parentNode.removeChild( visibilityTestDiv );            }        }        function debounce( func, wait, immediate ) {            var timeout;            return function() {                var context = this, args = arguments;                var later = function() {                    timeout = null;                    if ( !immediate ) func.apply( context, args );                };                var callNow = immediate && !timeout;                clearTimeout( timeout );                timeout = setTimeout( later, wait );                if ( callNow ) func.apply( context, args );            };        }        const debouncedTriggerPostRender = debounce( function() {            triggerPostRender();        }, 200 );        if ( visibilityTestDiv && visibilityTestDiv.offsetParent === null ) {            const observer = new MutationObserver( ( mutations ) => {                mutations.forEach( ( mutation ) => {                    if ( mutation.type === 'attributes' && visibilityTestDiv.offsetParent !== null ) {                        debouncedTriggerPostRender();                        observer.disconnect();                    }                });            });            observer.observe( document.body, {                attributes: true,                childList: false,                subtree: true,                attributeFilter: [ 'style', 'class' ],            });        } else {            triggerPostRender();        }    } );} ); \n\/* ]]> *\/\n<\/script>\n[vc_column_text css=&#8221;.vc_custom_1614665726511{margin-bottom: 0px !important;}&#8221;]\n<p style=\"text-align: center;\"><a href=\"mailto:info@coverglobal.com\">info@coverglobal.com<\/a><\/p>\n<p style=\"text-align: center;\">+358 10\u00a0666 46 10<\/p>\n[\/vc_column_text][\/vc_column][vc_column width=&#8221;1\/6&#8243;][\/vc_column][\/mk_page_section][mk_page_section][vc_column width=&#8221;1\/4&#8243;][\/vc_column][vc_column width=&#8221;1\/4&#8243;][mk_button dimension=&#8221;flat&#8221; corner_style=&#8221;rounded&#8221; size=&#8221;large&#8221; url=&#8221;https:\/\/www.coverlasitus.fi\/en\/&#8221; align=&#8221;center&#8221; margin_top=&#8221;30&#8243; margin_bottom=&#8221;30&#8243; margin_right=&#8221;0&#8243;]L\u00e6s mere p\u00e5 engelsk[\/mk_button][\/vc_column][vc_column width=&#8221;1\/4&#8243;][mk_button dimension=&#8221;flat&#8221; corner_style=&#8221;rounded&#8221; size=&#8221;large&#8221; url=&#8221;https:\/\/www.coverlasitus.fi\/sv\/&#8221; align=&#8221;center&#8221; margin_top=&#8221;30&#8243; margin_bottom=&#8221;30&#8243; margin_right=&#8221;0&#8243;]L\u00e6s mere p\u00e5 svensk[\/mk_button][\/vc_column][vc_column width=&#8221;1\/4&#8243;][\/vc_column][\/mk_page_section]\n<\/div>","protected":false},"excerpt":{"rendered":"<p>[mk_page_section bg_image=&#8221;http:\/\/cover.fi\/wp-content\/uploads\/2018\/09\/cover-etusivu-v5.jpg&#8221; bg_position=&#8221;center center&#8221; bg_stretch=&#8221;true&#8221; enable_3d=&#8221;true&#8221; min_height=&#8221;475&#8243; full_width=&#8221;true&#8221; padding_top=&#8221;0&#8243; padding_bottom=&#8221;40&#8243; sidebar=&#8221;sidebar-1&#8243;][vc_column][\/vc_column][\/mk_page_section][vc_row][vc_column width=&#8221;1\/6&#8243;][\/vc_column][vc_column width=&#8221;2\/3&#8243;][mk_padding_divider][vc_column_text css=&#8221;.vc_custom_1614767939470{margin-bottom: 0px !important;}&#8221;] TIDL\u00d8SE GLASL\u00d8SNINGER FRA FINLAND SIDEN 1985. COVER er en verdenspioner inden for den rammel\u00f8se altanrudeindustri. Vi er f\u00f8dt for at \u00e6ndre og skabe en gennemsigtig verden. Vi er \u00e6rlige, \u00e5bne og positive og tilbyder dig og din virksomhed samarbejde [&hellip;]<\/p>\n","protected":false},"author":1,"featured_media":0,"parent":0,"menu_order":0,"comment_status":"closed","ping_status":"closed","template":"","meta":{"footnotes":""},"class_list":["post-2120","page","type-page","status-publish","hentry"],"_links":{"self":[{"href":"https:\/\/www.coverlasitus.fi\/dk\/wp-json\/wp\/v2\/pages\/2120","targetHints":{"allow":["GET"]}}],"collection":[{"href":"https:\/\/www.coverlasitus.fi\/dk\/wp-json\/wp\/v2\/pages"}],"about":[{"href":"https:\/\/www.coverlasitus.fi\/dk\/wp-json\/wp\/v2\/types\/page"}],"author":[{"embeddable":true,"href":"https:\/\/www.coverlasitus.fi\/dk\/wp-json\/wp\/v2\/users\/1"}],"replies":[{"embeddable":true,"href":"https:\/\/www.coverlasitus.fi\/dk\/wp-json\/wp\/v2\/comments?post=2120"}],"version-history":[{"count":8,"href":"https:\/\/www.coverlasitus.fi\/dk\/wp-json\/wp\/v2\/pages\/2120\/revisions"}],"predecessor-version":[{"id":2164,"href":"https:\/\/www.coverlasitus.fi\/dk\/wp-json\/wp\/v2\/pages\/2120\/revisions\/2164"}],"wp:attachment":[{"href":"https:\/\/www.coverlasitus.fi\/dk\/wp-json\/wp\/v2\/media?parent=2120"}],"curies":[{"name":"wp","href":"https:\/\/api.w.org\/{rel}","templated":true}]}}