{"id":468,"date":"2018-09-18T10:47:29","date_gmt":"2018-09-18T07:47:29","guid":{"rendered":"http:\/\/cover.fi\/?page_id=468"},"modified":"2025-03-14T09:34:29","modified_gmt":"2025-03-14T07:34:29","slug":"sonnenschutz","status":"publish","type":"page","link":"https:\/\/www.coverlasitus.fi\/de\/produkte\/sonnenschutz\/","title":{"rendered":"Sonnenschutz"},"content":{"rendered":"<div class=\"wpb-content-wrapper\">[mk_page_section bg_image=&#8220;https:\/\/cover.fi\/wp-content\/uploads\/2018\/09\/aurinkosuojaverhot-hero.jpg&#8220; bg_position=&#8220;center center&#8220; bg_repeat=&#8220;no-repeat&#8220; bg_stretch=&#8220;true&#8220; enable_3d=&#8220;true&#8220; min_height=&#8220;450&#8243; full_width=&#8220;true&#8220; padding_top=&#8220;0&#8243; padding_bottom=&#8220;40&#8243; sidebar=&#8220;sidebar-1&#8243;][vc_column][\/vc_column][\/mk_page_section][vc_row][vc_column width=&#8220;1\/6&#8243;][\/vc_column][vc_column width=&#8220;2\/3&#8243;][mk_padding_divider][vc_column_text css=&#8220;.vc_custom_1538394460065{margin-bottom: 0px !important;}&#8220;]\n<h1 style=\"text-align: center;\">Sonnenschutz<\/h1>\n<h3 style=\"text-align: center;\">Vornehme Gesamtheit<br \/>\nMit Sonnenschutzvorh\u00e4ngen schaffen Sie zusammen mit den weiteren auf Ihrer Terrasse befindlichen Textilien und M\u00f6beln eine innenarchitektonisch beeindruckende und harmonische Gesamtheit. Zur Auswahl stehen Ihnen verschiedene Farb- und Textilalternativen zur Verf\u00fcgung. Zus\u00e4tzlich k\u00f6nnen Sie auch die Lichtdurchl\u00e4ssigkeit der Stoffe w\u00e4hlen, von sehr lichtdurchl\u00e4ssigen bis hin zu v\u00f6llig verdunkelnden L\u00f6sungen. Sie haben die Wahl!<\/h3>\n[\/vc_column_text][mk_padding_divider][\/vc_column][vc_column width=&#8220;1\/6&#8243;][\/vc_column][\/vc_row][vc_row equal_columns=&#8220;true&#8220; attached=&#8220;true&#8220; css=&#8220;.vc_custom_1530091442087{margin-bottom: 0px !important;border-bottom-width: 0px !important;padding-bottom: 0px !important;}&#8220; el_class=&#8220;rivi&#8220;][vc_column width=&#8220;1\/2&#8243; css=&#8220;.vc_custom_1530089966823{padding-top: 0px !important;padding-right: 0px !important;padding-bottom: 0px !important;padding-left: 0px !important;}&#8220;][mk_image src=&#8220;https:\/\/www.coverlasitus.fi\/wp-content\/uploads\/2025\/03\/aurinkosuojaverhot.jpg&#8220; image_size=&#8220;full&#8220; el_class=&#8220;tuotefiilis&#8220;][\/vc_column][vc_column width=&#8220;1\/2&#8243; css=&#8220;.vc_custom_1530089975080{padding-top: 0px !important;padding-right: 20px !important;padding-bottom: 0px !important;padding-left: 0px !important;}&#8220;][mk_padding_divider size=&#8220;15&#8243;][vc_column_text el_class=&#8220;tekstilaatikko&#8220; css=&#8220;.vc_custom_1741937658556{margin-bottom: 0px !important;padding-right: 25px !important;padding-left: 25px !important;}&#8220;]Warum Sonnenschutzvorh\u00e4nge?<\/p>\n<p>Mit den aus hochwertigen und gut haltbaren, individuell zugeschnittenen plisseeartigen Sonnenschutzvorh\u00e4ngen erh\u00f6hen Sie die private Atmosph\u00e4re Ihrer Terrasse und regeln den Zutritt von W\u00e4rme und direktem Sonnenlicht.<\/p>\n<p>Sonnenschutzvorh\u00e4nge k\u00f6nnen individuell f\u00fcr jedes Glaspaneel in das rahmenlose COVER-Verglasungssystem integriert werden. So k\u00f6nnen Sie den \u00e4sthetischen Ausdruck und die Einsetzbarkeit der Vorh\u00e4nge zusammen mit dem Verglasungssystem maximieren, ohne dass Sie die Vorh\u00e4nge an der das Verglasungssystem umgebenden Konstruktion befestigen m\u00fcssen.[\/vc_column_text][\/vc_column][\/vc_row][vc_row equal_columns=&#8220;true&#8220; attached=&#8220;true&#8220; el_class=&#8220;rivi&#8220;][vc_column width=&#8220;1\/2&#8243; css=&#8220;.vc_custom_1530089835274{padding-left: 20px !important;}&#8220;][mk_padding_divider size=&#8220;15&#8243;][vc_column_text el_class=&#8220;tekstilaatikko&#8220; css=&#8220;.vc_custom_1741937665638{margin-bottom: 0px !important;padding-right: 25px !important;padding-left: 25px !important;}&#8220;]Die geringen Abmessungen der Vorhangsprofile erm\u00f6glichen einen optimalen Einsatz zusammen mit dem COVER-Balkon- oder Terrassenverglasungssystem und bilden eine \u00e4sthetisch ansprechende Gesamtheit.<\/p>\n<p>Die hochwertigen Vorh\u00e4nge werden von dem Unternehmen Visor Ltd.<\/p>\n[\/vc_column_text][mk_image src=&#8220;https:\/\/www.coverlasitus.fi\/wp-content\/uploads\/2025\/03\/visor-logo.png&#8220; image_size=&#8220;medium&#8220; el_class=&#8220;tuotefiilis&#8220;][\/vc_column][vc_column width=&#8220;1\/2&#8243;][vc_video link=&#8220;https:\/\/www.youtube.com\/watch?v=NSo_Sp2fZPw&#8220;][mk_padding_divider size=&#8220;15&#8243;][\/vc_column][\/vc_row][vc_row equal_columns=&#8220;true&#8220; attached=&#8220;true&#8220; el_class=&#8220;rivi&#8220;][vc_column width=&#8220;1\/2&#8243;][\/vc_column][vc_column width=&#8220;1\/2&#8243; css=&#8220;.vc_custom_1530089835274{padding-left: 20px !important;}&#8220;][\/vc_column][\/vc_row][mk_page_section full_width=&#8220;true&#8220; js_vertical_centered=&#8220;true&#8220; padding_top=&#8220;30&#8243; padding_bottom=&#8220;0&#8243; top_shape_size=&#8220;small&#8220; top_shape_color=&#8220;#ffffff&#8220; top_shape_bg_color=&#8220;#dd3333&#8243; sidebar=&#8220;sidebar-1&#8243;][vc_column][rev_slider_vc alias=&#8220;aurinkosuojaverhot&#8220;][\/vc_column][\/mk_page_section]\n<\/div>","protected":false},"excerpt":{"rendered":"<p>[mk_page_section bg_image=&#8220;https:\/\/cover.fi\/wp-content\/uploads\/2018\/09\/aurinkosuojaverhot-hero.jpg&#8220; bg_position=&#8220;center center&#8220; bg_repeat=&#8220;no-repeat&#8220; bg_stretch=&#8220;true&#8220; enable_3d=&#8220;true&#8220; min_height=&#8220;450&#8243; full_width=&#8220;true&#8220; padding_top=&#8220;0&#8243; padding_bottom=&#8220;40&#8243; sidebar=&#8220;sidebar-1&#8243;][vc_column][\/vc_column][\/mk_page_section][vc_row][vc_column width=&#8220;1\/6&#8243;][\/vc_column][vc_column width=&#8220;2\/3&#8243;][mk_padding_divider][vc_column_text css=&#8220;.vc_custom_1538394460065{margin-bottom: 0px !important;}&#8220;] Sonnenschutz Vornehme Gesamtheit Mit Sonnenschutzvorh\u00e4ngen schaffen Sie zusammen mit den weiteren auf Ihrer Terrasse befindlichen Textilien und M\u00f6beln eine innenarchitektonisch beeindruckende und harmonische Gesamtheit. Zur Auswahl stehen Ihnen verschiedene Farb- und Textilalternativen zur Verf\u00fcgung. Zus\u00e4tzlich k\u00f6nnen Sie auch [&hellip;]<\/p>\n","protected":false},"author":1,"featured_media":0,"parent":445,"menu_order":0,"comment_status":"closed","ping_status":"closed","template":"","meta":{"footnotes":""},"class_list":["post-468","page","type-page","status-publish","hentry"],"_links":{"self":[{"href":"https:\/\/www.coverlasitus.fi\/de\/wp-json\/wp\/v2\/pages\/468","targetHints":{"allow":["GET"]}}],"collection":[{"href":"https:\/\/www.coverlasitus.fi\/de\/wp-json\/wp\/v2\/pages"}],"about":[{"href":"https:\/\/www.coverlasitus.fi\/de\/wp-json\/wp\/v2\/types\/page"}],"author":[{"embeddable":true,"href":"https:\/\/www.coverlasitus.fi\/de\/wp-json\/wp\/v2\/users\/1"}],"replies":[{"embeddable":true,"href":"https:\/\/www.coverlasitus.fi\/de\/wp-json\/wp\/v2\/comments?post=468"}],"version-history":[{"count":3,"href":"https:\/\/www.coverlasitus.fi\/de\/wp-json\/wp\/v2\/pages\/468\/revisions"}],"predecessor-version":[{"id":2916,"href":"https:\/\/www.coverlasitus.fi\/de\/wp-json\/wp\/v2\/pages\/468\/revisions\/2916"}],"up":[{"embeddable":true,"href":"https:\/\/www.coverlasitus.fi\/de\/wp-json\/wp\/v2\/pages\/445"}],"wp:attachment":[{"href":"https:\/\/www.coverlasitus.fi\/de\/wp-json\/wp\/v2\/media?parent=468"}],"curies":[{"name":"wp","href":"https:\/\/api.w.org\/{rel}","templated":true}]}}