{"id":463,"date":"2018-09-18T10:45:30","date_gmt":"2018-09-18T07:45:30","guid":{"rendered":"http:\/\/cover.fi\/?page_id=463"},"modified":"2019-07-05T09:40:31","modified_gmt":"2019-07-05T06:40:31","slug":"gelaendersystem","status":"publish","type":"page","link":"https:\/\/www.coverlasitus.fi\/de\/produkte\/gelaendersystem\/","title":{"rendered":"Gel\u00e4ndersystem"},"content":{"rendered":"<div class=\"wpb-content-wrapper\">[mk_page_section bg_image=&#8220;https:\/\/cover.fi\/wp-content\/uploads\/2018\/07\/cover_kuva_03.jpg&#8220; bg_position=&#8220;center center&#8220; bg_repeat=&#8220;no-repeat&#8220; bg_stretch=&#8220;true&#8220; enable_3d=&#8220;true&#8220; min_height=&#8220;450&#8243; full_width=&#8220;true&#8220; padding_top=&#8220;0&#8243; padding_bottom=&#8220;40&#8243; sidebar=&#8220;sidebar-1&#8243;][vc_column][\/vc_column][\/mk_page_section][vc_row][vc_column width=&#8220;1\/6&#8243;][\/vc_column][vc_column width=&#8220;2\/3&#8243;][mk_padding_divider][vc_column_text css=&#8220;.vc_custom_1538394223323{margin-bottom: 0px !important;}&#8220;]\n<h1 style=\"text-align: center;\">Gel\u00e4ndersystem<\/h1>\n<h3 style=\"text-align: center;\">Das aus oberfl\u00e4chenveredeltem Aluminium stilvoll gefertigte COVER-Gel\u00e4ndersystem bringt Sicherheit f\u00fcr Balkon und Terrasse. Gleichzeitig verleiht es dem Geb\u00e4ude einen modernen Ausdruck, ohne dass die umgebende Landschaft leidet.<\/h3>\n[\/vc_column_text][mk_padding_divider][\/vc_column][vc_column width=&#8220;1\/6&#8243;][\/vc_column][\/vc_row][vc_row equal_columns=&#8220;true&#8220; attached=&#8220;true&#8220; css=&#8220;.vc_custom_1530091442087{margin-bottom: 0px !important;border-bottom-width: 0px !important;padding-bottom: 0px !important;}&#8220; el_class=&#8220;rivi&#8220;][vc_column width=&#8220;1\/2&#8243; css=&#8220;.vc_custom_1530089975080{padding-top: 0px !important;padding-right: 20px !important;padding-bottom: 0px !important;padding-left: 0px !important;}&#8220;][mk_padding_divider size=&#8220;15&#8243;][vc_column_text el_class=&#8220;tekstilaatikko&#8220; css=&#8220;.vc_custom_1538394323067{margin-bottom: 0px !important;}&#8220;]\n<p style=\"text-align: left;\">Das COVER-GEL\u00c4NDERSYSTEM<\/p>\n<p>wird in der Regel aus 4+4 mm starkem, laminiertem Glas gefertigt, aber es k\u00f6nnen auch andere Glassorten eingesetzt werden. Der Typ des Gel\u00e4nderglases wird nach Kundenw\u00fcnschen, Objektlage und lokalen Bauvorschriften gew\u00e4hlt.<\/p>\n[\/vc_column_text][\/vc_column][vc_column width=&#8220;1\/2&#8243; css=&#8220;.vc_custom_1530089966823{padding-top: 0px !important;padding-right: 0px !important;padding-bottom: 0px !important;padding-left: 0px !important;}&#8220;][mk_image src=&#8220;https:\/\/cover.fi\/wp-content\/uploads\/2019\/01\/kaidejarjestelma-01.jpg&#8220; image_size=&#8220;full&#8220; el_class=&#8220;tuotefiilis&#8220;][\/vc_column][\/vc_row][vc_row equal_columns=&#8220;true&#8220; attached=&#8220;true&#8220; el_class=&#8220;rivi&#8220;][vc_column width=&#8220;1\/2&#8243;][mk_image src=&#8220;https:\/\/cover.fi\/wp-content\/uploads\/2019\/01\/kaidejarjestelma-02.jpg&#8220; image_size=&#8220;full&#8220; el_class=&#8220;tuotefiilis&#8220;][\/vc_column][vc_column width=&#8220;1\/2&#8243; css=&#8220;.vc_custom_1530089835274{padding-left: 20px !important;}&#8220;][mk_padding_divider size=&#8220;15&#8243;][vc_column_text el_class=&#8220;tekstilaatikko&#8220; css=&#8220;.vc_custom_1551332447283{margin-bottom: 0px !important;}&#8220;]Das COVER-GEL\u00c4NDERSYSTEM<\/p>\n<p>Kann als selbst\u00e4ndige Baueinheit verwendet oder in das COVER-Balkonverglasungs-system integriert werden, sodass die Systeme zusammen eine architektonische Gesamtheit bilden.[\/vc_column_text][\/vc_column][\/vc_row][vc_row equal_columns=&#8220;true&#8220; attached=&#8220;true&#8220; el_class=&#8220;rivi&#8220;][vc_column width=&#8220;1\/2&#8243; css=&#8220;.vc_custom_1530089835274{padding-left: 20px !important;}&#8220;][\/vc_column][vc_column width=&#8220;1\/2&#8243;][vc_video link=&#8220;https:\/\/www.youtube.com\/watch?v=7u6w2fsvokg&#8220;][mk_padding_divider size=&#8220;15&#8243;][\/vc_column][\/vc_row][mk_page_section full_width=&#8220;true&#8220; js_vertical_centered=&#8220;true&#8220; padding_top=&#8220;30&#8243; padding_bottom=&#8220;0&#8243; top_shape_size=&#8220;small&#8220; top_shape_color=&#8220;#ffffff&#8220; top_shape_bg_color=&#8220;#dd3333&#8243; sidebar=&#8220;sidebar-1&#8243;][vc_column][rev_slider_vc alias=&#8220;kaidejarjestelma&#8220;][\/vc_column][\/mk_page_section]\n<\/div>","protected":false},"excerpt":{"rendered":"<p>[mk_page_section bg_image=&#8220;https:\/\/cover.fi\/wp-content\/uploads\/2018\/07\/cover_kuva_03.jpg&#8220; bg_position=&#8220;center center&#8220; bg_repeat=&#8220;no-repeat&#8220; bg_stretch=&#8220;true&#8220; enable_3d=&#8220;true&#8220; min_height=&#8220;450&#8243; full_width=&#8220;true&#8220; padding_top=&#8220;0&#8243; padding_bottom=&#8220;40&#8243; sidebar=&#8220;sidebar-1&#8243;][vc_column][\/vc_column][\/mk_page_section][vc_row][vc_column width=&#8220;1\/6&#8243;][\/vc_column][vc_column width=&#8220;2\/3&#8243;][mk_padding_divider][vc_column_text css=&#8220;.vc_custom_1538394223323{margin-bottom: 0px !important;}&#8220;] Gel\u00e4ndersystem Das aus oberfl\u00e4chenveredeltem Aluminium stilvoll gefertigte COVER-Gel\u00e4ndersystem bringt Sicherheit f\u00fcr Balkon und Terrasse. Gleichzeitig verleiht es dem Geb\u00e4ude einen modernen Ausdruck, ohne dass die umgebende Landschaft leidet. [\/vc_column_text][mk_padding_divider][\/vc_column][vc_column width=&#8220;1\/6&#8243;][\/vc_column][\/vc_row][vc_row equal_columns=&#8220;true&#8220; attached=&#8220;true&#8220; css=&#8220;.vc_custom_1530091442087{margin-bottom: 0px !important;border-bottom-width: 0px !important;padding-bottom: 0px [&hellip;]<\/p>\n","protected":false},"author":1,"featured_media":0,"parent":445,"menu_order":0,"comment_status":"closed","ping_status":"closed","template":"","meta":{"footnotes":""},"class_list":["post-463","page","type-page","status-publish","hentry"],"_links":{"self":[{"href":"https:\/\/www.coverlasitus.fi\/de\/wp-json\/wp\/v2\/pages\/463","targetHints":{"allow":["GET"]}}],"collection":[{"href":"https:\/\/www.coverlasitus.fi\/de\/wp-json\/wp\/v2\/pages"}],"about":[{"href":"https:\/\/www.coverlasitus.fi\/de\/wp-json\/wp\/v2\/types\/page"}],"author":[{"embeddable":true,"href":"https:\/\/www.coverlasitus.fi\/de\/wp-json\/wp\/v2\/users\/1"}],"replies":[{"embeddable":true,"href":"https:\/\/www.coverlasitus.fi\/de\/wp-json\/wp\/v2\/comments?post=463"}],"version-history":[{"count":0,"href":"https:\/\/www.coverlasitus.fi\/de\/wp-json\/wp\/v2\/pages\/463\/revisions"}],"up":[{"embeddable":true,"href":"https:\/\/www.coverlasitus.fi\/de\/wp-json\/wp\/v2\/pages\/445"}],"wp:attachment":[{"href":"https:\/\/www.coverlasitus.fi\/de\/wp-json\/wp\/v2\/media?parent=463"}],"curies":[{"name":"wp","href":"https:\/\/api.w.org\/{rel}","templated":true}]}}