{"id":453,"date":"2018-09-18T10:36:02","date_gmt":"2018-09-18T07:36:02","guid":{"rendered":"http:\/\/cover.fi\/?page_id=453"},"modified":"2020-11-12T11:08:16","modified_gmt":"2020-11-12T09:08:16","slug":"terassenverglasung","status":"publish","type":"page","link":"https:\/\/www.coverlasitus.fi\/de\/produkte\/terassenverglasung\/","title":{"rendered":"Terrassenverglasung"},"content":{"rendered":"<div class=\"wpb-content-wrapper\">[mk_page_section bg_image=&#8220;https:\/\/cover.fi\/wp-content\/uploads\/2018\/07\/coverglobal-terassilasitus-kuva.jpg&#8220; bg_position=&#8220;center center&#8220; bg_repeat=&#8220;no-repeat&#8220; bg_stretch=&#8220;true&#8220; enable_3d=&#8220;true&#8220; min_height=&#8220;450&#8243; full_width=&#8220;true&#8220; padding_top=&#8220;0&#8243; padding_bottom=&#8220;40&#8243; sidebar=&#8220;sidebar-1&#8243;][vc_column][\/vc_column][\/mk_page_section][vc_row][vc_column width=&#8220;1\/6&#8243;][\/vc_column][vc_column width=&#8220;2\/3&#8243;][mk_padding_divider][vc_column_text css=&#8220;.vc_custom_1542196754247{margin-bottom: 0px !important;}&#8220;]\n<h1 style=\"text-align: center;\">Terrassenverglasung<\/h1>\n<h3 style=\"text-align: center;\">Ihr ger\u00e4umiges Heim. Das rahmenlose COVER-terrassenverglasungssystem bringt rund ums Jahr mehr Raum f\u00fcr Ihre Wohnung. Die Verglasung eignet sich f\u00fcr praktisch jede Terrassenform. Schaffen Sie einen geselligen Essraum, einen lustigen Spielplatz f\u00fcr Kinder oder einen gem\u00fctlichen Raum f\u00fcr Ihre Entspannung. Die Terrassenverglasung ist leicht zu benutzen und er\u00f6ffnet einen freien Blick in die Landschaft. Die Verglasung vertr\u00e4gt Witterungswechsel und erm\u00f6glicht eine Nutzung des zus\u00e4tzlichen Raums rund ums Jahr.<\/h3>\n[\/vc_column_text][mk_padding_divider][\/vc_column][vc_column width=&#8220;1\/6&#8243;][\/vc_column][\/vc_row][vc_row equal_columns=&#8220;true&#8220; attached=&#8220;true&#8220; css=&#8220;.vc_custom_1530091442087{margin-bottom: 0px !important;border-bottom-width: 0px !important;padding-bottom: 0px !important;}&#8220; el_class=&#8220;rivi&#8220;][vc_column width=&#8220;1\/2&#8243; css=&#8220;.vc_custom_1530089966823{padding-top: 0px !important;padding-right: 0px !important;padding-bottom: 0px !important;padding-left: 0px !important;}&#8220;][mk_image src=&#8220;https:\/\/cover.fi\/wp-content\/uploads\/2019\/01\/terassilasitus-01-1.jpg&#8220; image_size=&#8220;full&#8220; el_class=&#8220;tuotefiilis&#8220;][\/vc_column][vc_column width=&#8220;1\/2&#8243; css=&#8220;.vc_custom_1530089975080{padding-top: 0px !important;padding-right: 20px !important;padding-bottom: 0px !important;padding-left: 0px !important;}&#8220;][mk_padding_divider size=&#8220;15&#8243;][vc_column_text el_class=&#8220;tekstilaatikko&#8220; css=&#8220;.vc_custom_1551331798160{margin-bottom: 0px !important;}&#8220;]\n<p style=\"text-align: left;\">\u00c4u\u00dfere Form und Funktionsweise der Terrassenverglasung entsprechen der Balkonverglasung. Die Terrassengl\u00e4ser weisen jedoch eine gr\u00f6\u00dfere H\u00f6he auf und wiegen daher mehr als Balkonverglasungen, sodass die Anspr\u00fcche an die Festigkeit steigen. Dank seiner technischen Eigenschaften vertr\u00e4gt das rahmenlose COVER-terrassenverglasungssystem auch St\u00fcrme und anderweitig extreme Witterungsverh\u00e4ltnisse. Ein spezielles Kugellagerlaufwerk erm\u00f6glicht einen problemlosen Einsatz auch schwererer Glaselemente.<\/p>\n[\/vc_column_text][\/vc_column][\/vc_row][vc_row equal_columns=&#8220;true&#8220; attached=&#8220;true&#8220; el_class=&#8220;rivi&#8220;][vc_column width=&#8220;1\/2&#8243; css=&#8220;.vc_custom_1530089835274{padding-left: 20px !important;}&#8220;][mk_padding_divider size=&#8220;15&#8243;][vc_column_text el_class=&#8220;tekstilaatikko&#8220; css=&#8220;.vc_custom_1551331810839{margin-bottom: 0px !important;}&#8220;]COVER-Terrassengl\u00e4ser verleihen Ihrer Terrasse einen eleganten Charakter und sch\u00fctzen sowohl Konstruktion als auch M\u00f6bel. Mit der Verglasung erhalten Sie wertvollen zus\u00e4tzlichen Raum und einen erh\u00f6hten Komfort. Die Verglasung l\u00e4sst sich, ganz nach Ihren W\u00fcnschen und den Anspr\u00fcchen des Objekts, mit verschiedenen Schlie\u00dfmechanismen ausstatten. Bei sonnigem Wetter l\u00e4sst sich die COVER-Terrassenverglasung leicht \u00f6ffnen und teilweise oder vollst\u00e4ndig aufschieben. Bei Regen und Wind l\u00e4sst sich die Terrassenverglasung problemlos schlie\u00dfen. Die Terrassenverglasung sch\u00fctzt Ihre Terrassenm\u00f6bel und vermindert erheblich den Aufwand f\u00fcr Reinigung und Instandhaltung der Terrasse.<\/p>\n<p>Das COVER-Terrassenverglasungssystem hat die europaweite technische Zulassung erhalten, die zum Tragen des CE-Kennzeichens berechtigt.[\/vc_column_text][\/vc_column][vc_column width=&#8220;1\/2&#8243;][mk_image src=&#8220;https:\/\/cover.fi\/wp-content\/uploads\/2018\/07\/terrace053.jpg&#8220; image_size=&#8220;full&#8220; el_class=&#8220;tuotefiilis&#8220;][\/vc_column][\/vc_row][vc_row equal_columns=&#8220;true&#8220; attached=&#8220;true&#8220; css=&#8220;.vc_custom_1530091442087{margin-bottom: 0px !important;border-bottom-width: 0px !important;padding-bottom: 0px !important;}&#8220; el_class=&#8220;rivi&#8220;][vc_column width=&#8220;1\/2&#8243; css=&#8220;.vc_custom_1530089966823{padding-top: 0px !important;padding-right: 0px !important;padding-bottom: 0px !important;padding-left: 0px !important;}&#8220;][vc_video link=&#8220;https:\/\/www.youtube.com\/watch?v=EEH_EZkpjCo&#8220;][mk_padding_divider size=&#8220;10&#8243; visibility=&#8220;hidden-sm&#8220;][\/vc_column][vc_column width=&#8220;1\/2&#8243; css=&#8220;.vc_custom_1530089975080{padding-top: 0px !important;padding-right: 20px !important;padding-bottom: 0px !important;padding-left: 0px !important;}&#8220;][\/vc_column][\/vc_row][mk_page_section full_width=&#8220;true&#8220; js_vertical_centered=&#8220;true&#8220; padding_top=&#8220;30&#8243; padding_bottom=&#8220;0&#8243; top_shape_size=&#8220;small&#8220; top_shape_color=&#8220;#ffffff&#8220; top_shape_bg_color=&#8220;#dd3333&#8243; sidebar=&#8220;sidebar-1&#8243;][vc_column][rev_slider_vc alias=&#8220;terassilasitus&#8220;][\/vc_column][\/mk_page_section]\n<\/div>","protected":false},"excerpt":{"rendered":"<p>[mk_page_section bg_image=&#8220;https:\/\/cover.fi\/wp-content\/uploads\/2018\/07\/coverglobal-terassilasitus-kuva.jpg&#8220; bg_position=&#8220;center center&#8220; bg_repeat=&#8220;no-repeat&#8220; bg_stretch=&#8220;true&#8220; enable_3d=&#8220;true&#8220; min_height=&#8220;450&#8243; full_width=&#8220;true&#8220; padding_top=&#8220;0&#8243; padding_bottom=&#8220;40&#8243; sidebar=&#8220;sidebar-1&#8243;][vc_column][\/vc_column][\/mk_page_section][vc_row][vc_column width=&#8220;1\/6&#8243;][\/vc_column][vc_column width=&#8220;2\/3&#8243;][mk_padding_divider][vc_column_text css=&#8220;.vc_custom_1542196754247{margin-bottom: 0px !important;}&#8220;] Terrassenverglasung Ihr ger\u00e4umiges Heim. Das rahmenlose COVER-terrassenverglasungssystem bringt rund ums Jahr mehr Raum f\u00fcr Ihre Wohnung. Die Verglasung eignet sich f\u00fcr praktisch jede Terrassenform. Schaffen Sie einen geselligen Essraum, einen lustigen Spielplatz f\u00fcr Kinder oder einen gem\u00fctlichen Raum [&hellip;]<\/p>\n","protected":false},"author":1,"featured_media":0,"parent":445,"menu_order":0,"comment_status":"closed","ping_status":"closed","template":"","meta":{"footnotes":""},"class_list":["post-453","page","type-page","status-publish","hentry"],"_links":{"self":[{"href":"https:\/\/www.coverlasitus.fi\/de\/wp-json\/wp\/v2\/pages\/453","targetHints":{"allow":["GET"]}}],"collection":[{"href":"https:\/\/www.coverlasitus.fi\/de\/wp-json\/wp\/v2\/pages"}],"about":[{"href":"https:\/\/www.coverlasitus.fi\/de\/wp-json\/wp\/v2\/types\/page"}],"author":[{"embeddable":true,"href":"https:\/\/www.coverlasitus.fi\/de\/wp-json\/wp\/v2\/users\/1"}],"replies":[{"embeddable":true,"href":"https:\/\/www.coverlasitus.fi\/de\/wp-json\/wp\/v2\/comments?post=453"}],"version-history":[{"count":2,"href":"https:\/\/www.coverlasitus.fi\/de\/wp-json\/wp\/v2\/pages\/453\/revisions"}],"predecessor-version":[{"id":1994,"href":"https:\/\/www.coverlasitus.fi\/de\/wp-json\/wp\/v2\/pages\/453\/revisions\/1994"}],"up":[{"embeddable":true,"href":"https:\/\/www.coverlasitus.fi\/de\/wp-json\/wp\/v2\/pages\/445"}],"wp:attachment":[{"href":"https:\/\/www.coverlasitus.fi\/de\/wp-json\/wp\/v2\/media?parent=453"}],"curies":[{"name":"wp","href":"https:\/\/api.w.org\/{rel}","templated":true}]}}