{"id":390,"date":"2018-09-18T08:52:49","date_gmt":"2018-09-18T05:52:49","guid":{"rendered":"http:\/\/cover.fi\/?page_id=390"},"modified":"2018-10-10T12:05:27","modified_gmt":"2018-10-10T09:05:27","slug":"baufirmen","status":"publish","type":"page","link":"https:\/\/www.coverlasitus.fi\/de\/fachleute\/baufirmen\/","title":{"rendered":"Baufirmen"},"content":{"rendered":"<div class=\"wpb-content-wrapper\">[mk_page_section bg_image=&#8220;http:\/\/cover.fi\/wp-content\/uploads\/2018\/09\/coverrus_picture-2_1.jpg&#8220; bg_color=&#8220;#eaeaea&#8220; bg_position=&#8220;center center&#8220; bg_repeat=&#8220;no-repeat&#8220; bg_stretch=&#8220;true&#8220; enable_3d=&#8220;true&#8220; min_height=&#8220;450&#8243; full_width=&#8220;true&#8220; padding_top=&#8220;0&#8243; padding_bottom=&#8220;40&#8243; sidebar=&#8220;sidebar-1&#8243;][vc_column][\/vc_column][\/mk_page_section][vc_row][vc_column width=&#8220;1\/6&#8243;][\/vc_column][vc_column width=&#8220;2\/3&#8243;][mk_padding_divider][vc_column_text css=&#8220;.vc_custom_1537249939141{margin-bottom: 0px !important;}&#8220;]\n<h1 style=\"text-align: center;\">Baufirmen<\/h1>\n<h3 style=\"text-align: center;\">Eine gr\u00fcne Oase im urbanen Stadtmilieu<\/h3>\n[\/vc_column_text][vc_column_text css=&#8220;.vc_custom_1539162323147{margin-bottom: 0px !important;}&#8220;]\n<p style=\"text-align: center;\">In vielen L\u00e4ndern entwickelt sich die Bauweise in eine modernere Richtung. In den gro\u00dfen Metropolen sind bei Wohngeb\u00e4uden deutlich Ver\u00e4nderungen zu beobachten, vor Allem ein Wachsen der Balkongr\u00f6\u00dfe und eine zunehmende Verwendung von Glas f\u00fcr Fassaden. Dies ist Teil einer allgemeinen Entwicklung, in der man den Bewohnern die M\u00f6glichkeit geben will, im urbanen Stadtmilieu eine eigene gr\u00fcne Oase zu schaffen.<\/p>\n<p style=\"text-align: center;\">Weltweit w\u00e4chst das Wissen der Architekten und Planer um diesen Trend und die Baufirmen verwirklichen diese neuen innovativen Gedanken, indem sie hoch in die Wolken reichende Geb\u00e4ude mit futuristischen Fassaden errichten. Um ihre Ziele verwirklichen zu k\u00f6nnen, ben\u00f6tigen Baufirmen auch hochwertige Produkte sowie zuverl\u00e4ssige Lieferanten und Subunternehmer.<\/p>\n<p style=\"text-align: center;\">Die CoverGlobal Ltd m\u00f6chte ihrerseits an diesem modernen und energieeffizienten Bautrend teilnehmen, indem sie Baufirmen hochwertige, vielseitig einsetzbare Verglasungsl\u00f6sungen f\u00fcr Balkone und Terrassen anbietet. Zus\u00e4tzlich stellen wir flexible Dienstleistungspakete zur Verf\u00fcgung, die bei Bedarf Teilnahme an der technischen Planung zusammen mit den Architekten, Materiallieferung ans Projekt (Zeitplan wird dem Projektfortschritt angepasst), Montage als Subunternehmer oder Organisation der Montageschulung sowie \u00dcberwachung der Montagearbeiten (Dienstleistungs- und Lieferungspaket wird projektspezifisch festgelegt) umfassen.<\/p>\n<p style=\"text-align: center;\">Kontaktieren Sie uns! Unser Personal informiert Sie gerne dar\u00fcber, wie die CoverGlobal Ltd zum Gelingen Ihres Projekts beitragen kann.<\/p>\n<p style=\"text-align: center;\">Ihr<br \/>\nCOVER-Team<\/p>\n[\/vc_column_text][mk_padding_divider][\/vc_column][vc_column width=&#8220;1\/6&#8243;][\/vc_column][\/vc_row]\n<\/div>","protected":false},"excerpt":{"rendered":"<p>[mk_page_section bg_image=&#8220;http:\/\/cover.fi\/wp-content\/uploads\/2018\/09\/coverrus_picture-2_1.jpg&#8220; bg_color=&#8220;#eaeaea&#8220; bg_position=&#8220;center center&#8220; bg_repeat=&#8220;no-repeat&#8220; bg_stretch=&#8220;true&#8220; enable_3d=&#8220;true&#8220; min_height=&#8220;450&#8243; full_width=&#8220;true&#8220; padding_top=&#8220;0&#8243; padding_bottom=&#8220;40&#8243; sidebar=&#8220;sidebar-1&#8243;][vc_column][\/vc_column][\/mk_page_section][vc_row][vc_column width=&#8220;1\/6&#8243;][\/vc_column][vc_column width=&#8220;2\/3&#8243;][mk_padding_divider][vc_column_text css=&#8220;.vc_custom_1537249939141{margin-bottom: 0px !important;}&#8220;] Baufirmen Eine gr\u00fcne Oase im urbanen Stadtmilieu [\/vc_column_text][vc_column_text css=&#8220;.vc_custom_1539162323147{margin-bottom: 0px !important;}&#8220;] In vielen L\u00e4ndern entwickelt sich die Bauweise in eine modernere Richtung. In den gro\u00dfen Metropolen sind bei Wohngeb\u00e4uden deutlich Ver\u00e4nderungen zu beobachten, vor Allem ein Wachsen [&hellip;]<\/p>\n","protected":false},"author":1,"featured_media":0,"parent":378,"menu_order":0,"comment_status":"closed","ping_status":"closed","template":"","meta":{"footnotes":""},"class_list":["post-390","page","type-page","status-publish","hentry"],"_links":{"self":[{"href":"https:\/\/www.coverlasitus.fi\/de\/wp-json\/wp\/v2\/pages\/390","targetHints":{"allow":["GET"]}}],"collection":[{"href":"https:\/\/www.coverlasitus.fi\/de\/wp-json\/wp\/v2\/pages"}],"about":[{"href":"https:\/\/www.coverlasitus.fi\/de\/wp-json\/wp\/v2\/types\/page"}],"author":[{"embeddable":true,"href":"https:\/\/www.coverlasitus.fi\/de\/wp-json\/wp\/v2\/users\/1"}],"replies":[{"embeddable":true,"href":"https:\/\/www.coverlasitus.fi\/de\/wp-json\/wp\/v2\/comments?post=390"}],"version-history":[{"count":0,"href":"https:\/\/www.coverlasitus.fi\/de\/wp-json\/wp\/v2\/pages\/390\/revisions"}],"up":[{"embeddable":true,"href":"https:\/\/www.coverlasitus.fi\/de\/wp-json\/wp\/v2\/pages\/378"}],"wp:attachment":[{"href":"https:\/\/www.coverlasitus.fi\/de\/wp-json\/wp\/v2\/media?parent=390"}],"curies":[{"name":"wp","href":"https:\/\/api.w.org\/{rel}","templated":true}]}}