{"id":385,"date":"2018-09-18T08:51:07","date_gmt":"2018-09-18T05:51:07","guid":{"rendered":"http:\/\/cover.fi\/?page_id=385"},"modified":"2018-10-10T12:06:01","modified_gmt":"2018-10-10T09:06:01","slug":"vertreterfirmen","status":"publish","type":"page","link":"https:\/\/www.coverlasitus.fi\/de\/fachleute\/vertreterfirmen\/","title":{"rendered":"Vertreterfirmen"},"content":{"rendered":"<div class=\"wpb-content-wrapper\">[mk_page_section bg_image=&#8220;http:\/\/cover.fi\/wp-content\/uploads\/2018\/09\/edustusliikkeet-1.jpg&#8220; bg_color=&#8220;#eaeaea&#8220; bg_position=&#8220;center center&#8220; bg_repeat=&#8220;no-repeat&#8220; bg_stretch=&#8220;true&#8220; enable_3d=&#8220;true&#8220; min_height=&#8220;450&#8243; full_width=&#8220;true&#8220; padding_top=&#8220;0&#8243; padding_bottom=&#8220;40&#8243; sidebar=&#8220;sidebar-1&#8243;][vc_column][\/vc_column][\/mk_page_section][vc_row][vc_column width=&#8220;1\/6&#8243;][\/vc_column][vc_column width=&#8220;2\/3&#8243;][mk_padding_divider][vc_column_text css=&#8220;.vc_custom_1537249449411{margin-bottom: 0px !important;}&#8220;]\n<h1 style=\"text-align: center;\">Vertreterfirmen<\/h1>\n<h3 style=\"text-align: center;\">Ein verl\u00e4sslicher Partner im Verkauf an Vertreterfirmen seit mehr als 20 Jahren.<\/h3>\n[\/vc_column_text][vc_column_text css=&#8220;.vc_custom_1539162357547{margin-bottom: 0px !important;}&#8220;]\n<p style=\"text-align: center;\">Seit Beginn unserer Unternehmensgeschichte ist uns bei CoverGlobal Ltd klar gewesen, dass wir unsere hochwertige COVER-Technologie m\u00f6glichst vielen Firmen und Menschen rund um den Globus anbieten m\u00f6chten. Das k\u00f6nnen wir allerdings nicht im Alleingang erreichen. Wir brauchen mit den lokalen Gegebenheiten vertraute, fachkundige Unternehmen, die mit uns den Namen COVER weiter verbreiten.<\/p>\n<p style=\"text-align: center;\">Wir sind seit mehr als 20 Jahren im Bereich des Wiederverkaufs t\u00e4tig. So hat zum Beispiel unser Kooperationspartner Sio AG (<a href=\"http:\/\/www.cover.ch\" target=\"_blank\" rel=\"noopener\">www.cover.ch<\/a>) bereits seit dem Jahr 1997 COVER-Produkte in der Schweiz in Lizenz hergestellt und ist zum Marktf\u00fchrer im Bereich der rahmenlosen Verglasungen aufgestiegen.<\/p>\n<p style=\"text-align: center;\">Die CoverGlobal Ltd bietet ihren Kunden ein umfassendes Produktpaket einschlie\u00dflich Schulungen und Werkzeuge f\u00fcr Preisbildung und Planung. Unser fachkundiges Personal bedient Sie wahlweise auf Finnisch, Englisch, Deutsch, Franz\u00f6sisch, Russisch, Schwedisch und Spanisch.<\/p>\n<p style=\"text-align: center;\">Falls Sie jedoch nur den g\u00fcnstigsten Preis und ausschlie\u00dflich Materiallieferungen suchen, dann sind wir nicht der richtige Partner f\u00fcr Sie. Falls Sie aber Teil einer erfolgreichen Entwicklung und des Cover-Teams sein wollen und die Bedeutung eines gemeinsamen Branding zu sch\u00e4tzen wissen, dann nehmen Sie doch umgehend zu uns Kontakt auf.<br \/>\nGemeinsam schaffen wir neue COVER-Geschichte!<\/p>\n<p style=\"text-align: center;\">Ihr<br \/>\nCOVER-Team<\/p>\n[\/vc_column_text][mk_padding_divider][vc_column_text css=&#8220;.vc_custom_1537249518344{margin-bottom: 0px !important;}&#8220;]\n<h1 style=\"text-align: center;\">KOOPERATIONSPROZESS<\/h1>\n[\/vc_column_text][mk_image src=&#8220;http:\/\/cover.fi\/wp-content\/uploads\/2018\/09\/edustajaliikkeet-prosessikaavio-de.png&#8220; image_size=&#8220;full&#8220; lightbox=&#8220;true&#8220; hover_image_overlay=&#8220;false&#8220; align=&#8220;center&#8220;][\/vc_column][vc_column width=&#8220;1\/6&#8243;][\/vc_column][\/vc_row]\n<\/div>","protected":false},"excerpt":{"rendered":"<p>[mk_page_section bg_image=&#8220;http:\/\/cover.fi\/wp-content\/uploads\/2018\/09\/edustusliikkeet-1.jpg&#8220; bg_color=&#8220;#eaeaea&#8220; bg_position=&#8220;center center&#8220; bg_repeat=&#8220;no-repeat&#8220; bg_stretch=&#8220;true&#8220; enable_3d=&#8220;true&#8220; min_height=&#8220;450&#8243; full_width=&#8220;true&#8220; padding_top=&#8220;0&#8243; padding_bottom=&#8220;40&#8243; sidebar=&#8220;sidebar-1&#8243;][vc_column][\/vc_column][\/mk_page_section][vc_row][vc_column width=&#8220;1\/6&#8243;][\/vc_column][vc_column width=&#8220;2\/3&#8243;][mk_padding_divider][vc_column_text css=&#8220;.vc_custom_1537249449411{margin-bottom: 0px !important;}&#8220;] Vertreterfirmen Ein verl\u00e4sslicher Partner im Verkauf an Vertreterfirmen seit mehr als 20 Jahren. [\/vc_column_text][vc_column_text css=&#8220;.vc_custom_1539162357547{margin-bottom: 0px !important;}&#8220;] Seit Beginn unserer Unternehmensgeschichte ist uns bei CoverGlobal Ltd klar gewesen, dass wir unsere hochwertige COVER-Technologie m\u00f6glichst vielen Firmen und [&hellip;]<\/p>\n","protected":false},"author":1,"featured_media":0,"parent":378,"menu_order":0,"comment_status":"closed","ping_status":"closed","template":"","meta":{"footnotes":""},"class_list":["post-385","page","type-page","status-publish","hentry"],"_links":{"self":[{"href":"https:\/\/www.coverlasitus.fi\/de\/wp-json\/wp\/v2\/pages\/385","targetHints":{"allow":["GET"]}}],"collection":[{"href":"https:\/\/www.coverlasitus.fi\/de\/wp-json\/wp\/v2\/pages"}],"about":[{"href":"https:\/\/www.coverlasitus.fi\/de\/wp-json\/wp\/v2\/types\/page"}],"author":[{"embeddable":true,"href":"https:\/\/www.coverlasitus.fi\/de\/wp-json\/wp\/v2\/users\/1"}],"replies":[{"embeddable":true,"href":"https:\/\/www.coverlasitus.fi\/de\/wp-json\/wp\/v2\/comments?post=385"}],"version-history":[{"count":0,"href":"https:\/\/www.coverlasitus.fi\/de\/wp-json\/wp\/v2\/pages\/385\/revisions"}],"up":[{"embeddable":true,"href":"https:\/\/www.coverlasitus.fi\/de\/wp-json\/wp\/v2\/pages\/378"}],"wp:attachment":[{"href":"https:\/\/www.coverlasitus.fi\/de\/wp-json\/wp\/v2\/media?parent=385"}],"curies":[{"name":"wp","href":"https:\/\/api.w.org\/{rel}","templated":true}]}}