{"id":380,"date":"2018-09-18T08:41:08","date_gmt":"2018-09-18T05:41:08","guid":{"rendered":"http:\/\/cover.fi\/?page_id=380"},"modified":"2019-01-16T14:30:43","modified_gmt":"2019-01-16T12:30:43","slug":"architekten-und-planer","status":"publish","type":"page","link":"https:\/\/www.coverlasitus.fi\/de\/fachleute\/architekten-und-planer\/","title":{"rendered":"Architekten und Planer"},"content":{"rendered":"<div class=\"wpb-content-wrapper\">[mk_page_section bg_image=&#8220;http:\/\/cover.fi\/wp-content\/uploads\/2019\/01\/arkkitehdeille-main-image-1.jpg&#8220; bg_position=&#8220;center center&#8220; bg_repeat=&#8220;no-repeat&#8220; bg_stretch=&#8220;true&#8220; enable_3d=&#8220;true&#8220; min_height=&#8220;450&#8243; full_width=&#8220;true&#8220; padding_top=&#8220;0&#8243; padding_bottom=&#8220;40&#8243; sidebar=&#8220;sidebar-1&#8243;][vc_column][\/vc_column][\/mk_page_section][vc_row][vc_column width=&#8220;1\/6&#8243;][\/vc_column][vc_column width=&#8220;2\/3&#8243;][mk_padding_divider][vc_column_text css=&#8220;.vc_custom_1537249217865{margin-bottom: 0px !important;}&#8220;]\n<h1 style=\"text-align: center;\">Architekten und Planer<\/h1>\n<h3 style=\"text-align: center;\">Flexible L\u00f6sungen f\u00fcr innovative Pl\u00e4ne<\/h3>\n[\/vc_column_text][vc_column_text css=&#8220;.vc_custom_1539162273676{margin-bottom: 0px !important;}&#8220;]\n<p style=\"text-align: center;\">In modernen architektonischen Entw\u00fcrfen ist es wichtig Geb\u00e4ude zu schaffen, in deren Planung u.a. die folgenden Anforderungen vermehrt ber\u00fccksichtigt werden: Design, Sicherheit, Haltbarkeit, leichte Verwendbarkeit, Raumnutzung, Energieeffizienz, Recycling, Flexibilit\u00e4t und Komfort. Die Glas- und Aluminiumprodukte der CoverGlobal Ltd sind die Antwort gerade auf diese Forderungen. So passt sich zum Beispiel das rahmenlose COVER-Balkon- und Terrassenverglasungssystem dank seiner technischen Eigenschaften an die verschiedensten Konstruktionen einschlie\u00dflich der unterschiedlichen Winkel und Ecken an.<\/p>\n<p style=\"text-align: center;\">CoverGlobal Ltd bietet Architekten und Planern ein umfassendes Paket an technischen Informationen f\u00fcr die Planung, das u. a. DWG- und Solidworks-Abbildungen sowie technische Informationen zu den Produkten und deren Testergebnissen umfasst.<\/p>\n<p style=\"text-align: center;\">Unser gut geschultes und fachkundiges Personal gibt bei Bedarf zus\u00e4tzliche Informationen und hilft dabei, die beste technische L\u00f6sung f\u00fcr ein Projekt zu finden.<\/p>\n<p style=\"text-align: center;\">Nehmen Sie Kontakt auf, dann suchen wir gemeinsam die beste COVER-Produktl\u00f6sung!<\/p>\n<p style=\"text-align: center;\">Ihr<br \/>\nCOVER-Team<\/p>\n[\/vc_column_text][mk_padding_divider][\/vc_column][vc_column width=&#8220;1\/6&#8243;][\/vc_column][\/vc_row]\n<\/div>","protected":false},"excerpt":{"rendered":"<p>[mk_page_section bg_image=&#8220;http:\/\/cover.fi\/wp-content\/uploads\/2019\/01\/arkkitehdeille-main-image-1.jpg&#8220; bg_position=&#8220;center center&#8220; bg_repeat=&#8220;no-repeat&#8220; bg_stretch=&#8220;true&#8220; enable_3d=&#8220;true&#8220; min_height=&#8220;450&#8243; full_width=&#8220;true&#8220; padding_top=&#8220;0&#8243; padding_bottom=&#8220;40&#8243; sidebar=&#8220;sidebar-1&#8243;][vc_column][\/vc_column][\/mk_page_section][vc_row][vc_column width=&#8220;1\/6&#8243;][\/vc_column][vc_column width=&#8220;2\/3&#8243;][mk_padding_divider][vc_column_text css=&#8220;.vc_custom_1537249217865{margin-bottom: 0px !important;}&#8220;] Architekten und Planer Flexible L\u00f6sungen f\u00fcr innovative Pl\u00e4ne [\/vc_column_text][vc_column_text css=&#8220;.vc_custom_1539162273676{margin-bottom: 0px !important;}&#8220;] In modernen architektonischen Entw\u00fcrfen ist es wichtig Geb\u00e4ude zu schaffen, in deren Planung u.a. die folgenden Anforderungen vermehrt ber\u00fccksichtigt werden: Design, Sicherheit, Haltbarkeit, leichte Verwendbarkeit, Raumnutzung, [&hellip;]<\/p>\n","protected":false},"author":1,"featured_media":0,"parent":378,"menu_order":0,"comment_status":"closed","ping_status":"closed","template":"","meta":{"footnotes":""},"class_list":["post-380","page","type-page","status-publish","hentry"],"_links":{"self":[{"href":"https:\/\/www.coverlasitus.fi\/de\/wp-json\/wp\/v2\/pages\/380","targetHints":{"allow":["GET"]}}],"collection":[{"href":"https:\/\/www.coverlasitus.fi\/de\/wp-json\/wp\/v2\/pages"}],"about":[{"href":"https:\/\/www.coverlasitus.fi\/de\/wp-json\/wp\/v2\/types\/page"}],"author":[{"embeddable":true,"href":"https:\/\/www.coverlasitus.fi\/de\/wp-json\/wp\/v2\/users\/1"}],"replies":[{"embeddable":true,"href":"https:\/\/www.coverlasitus.fi\/de\/wp-json\/wp\/v2\/comments?post=380"}],"version-history":[{"count":0,"href":"https:\/\/www.coverlasitus.fi\/de\/wp-json\/wp\/v2\/pages\/380\/revisions"}],"up":[{"embeddable":true,"href":"https:\/\/www.coverlasitus.fi\/de\/wp-json\/wp\/v2\/pages\/378"}],"wp:attachment":[{"href":"https:\/\/www.coverlasitus.fi\/de\/wp-json\/wp\/v2\/media?parent=380"}],"curies":[{"name":"wp","href":"https:\/\/api.w.org\/{rel}","templated":true}]}}