{"id":374,"date":"2018-09-18T08:32:20","date_gmt":"2018-09-18T05:32:20","guid":{"rendered":"http:\/\/cover.fi\/?page_id=374"},"modified":"2019-07-05T09:15:12","modified_gmt":"2019-07-05T06:15:12","slug":"titelseite","status":"publish","type":"page","link":"https:\/\/www.coverlasitus.fi\/de\/","title":{"rendered":"Titelseite"},"content":{"rendered":"<div class=\"wpb-content-wrapper\">[mk_page_section bg_image=&#8220;http:\/\/cover.fi\/wp-content\/uploads\/2018\/09\/cover-etusivu-v5.jpg&#8220; bg_position=&#8220;center center&#8220; bg_stretch=&#8220;true&#8220; enable_3d=&#8220;true&#8220; min_height=&#8220;475&#8243; full_width=&#8220;true&#8220; padding_top=&#8220;0&#8243; padding_bottom=&#8220;40&#8243; sidebar=&#8220;sidebar-1&#8243;][vc_column][\/vc_column][\/mk_page_section][vc_row][vc_column width=&#8220;1\/6&#8243;][\/vc_column][vc_column width=&#8220;2\/3&#8243;][mk_padding_divider][vc_column_text css=&#8220;.vc_custom_1551331990763{margin-bottom: 0px !important;}&#8220;]\n<h1 style=\"text-align: center;\">SEIT 1985 ZEITLOSE VERGLASUNGSL\u00d6SUNGEN<br \/>\nAUS FINNLAND<\/h1>\n<h3 style=\"text-align: center;\">COVER ist weltweit der Pionier von rahmenlosen Balkonverglasungen.<\/h3>\n<h3 style=\"text-align: center;\">Wir sind dazu bestimmt, durch Transparenz den Alltag neu zu gestalten. Machen Sie mit! Wir sind motiviert, offen und positiv orientiert. Wir bieten Ihnen und Ihrem Unternehmen eine Zusammenarbeit im Bereich hochwertiger, moderner Produkte. Unser fachkundiges Personal hilft Ihnen und unterst\u00fctzt Sie beim Start Ihrer Gesch\u00e4ftst\u00e4tigkeit.<\/h3>\n[\/vc_column_text][mk_button dimension=&#8220;flat&#8220; corner_style=&#8220;rounded&#8220; size=&#8220;large&#8220; letter_spacing=&#8220;1&#8243; url=&#8220;produkte&#8220; align=&#8220;center&#8220; margin_top=&#8220;15&#8243;]Lernen Sie unsere Produkte kennen[\/mk_button][vc_column_text css=&#8220;.vc_custom_1536214226110{margin-bottom: 0px !important;}&#8220;]\n<p>&nbsp;<\/p>\n<p style=\"text-align: center;\"><img loading=\"lazy\" decoding=\"async\" class=\"alignnone size-full wp-image-265\" src=\"https:\/\/cover.fi\/wp-content\/uploads\/2018\/09\/cover-overlap.png\" alt=\"\" width=\"480\" height=\"208\" srcset=\"https:\/\/www.coverlasitus.fi\/wp-content\/uploads\/2018\/09\/cover-overlap.png 960w, https:\/\/www.coverlasitus.fi\/wp-content\/uploads\/2018\/09\/cover-overlap-300x130.png 300w, https:\/\/www.coverlasitus.fi\/wp-content\/uploads\/2018\/09\/cover-overlap-768x333.png 768w\" sizes=\"auto, (max-width: 480px) 100vw, 480px\" \/><\/p>\n<p style=\"text-align: center;\"><img loading=\"lazy\" decoding=\"async\" class=\"aligncenter wp-image-23 \" src=\"https:\/\/cover.fi\/wp-content\/uploads\/2018\/06\/artwork-16.svg\" alt=\"\" width=\"239\" height=\"135\" \/><\/p>\n[\/vc_column_text][\/vc_column][vc_column width=&#8220;1\/6&#8243;][\/vc_column][\/vc_row]\n<\/div>","protected":false},"excerpt":{"rendered":"<p>[mk_page_section bg_image=&#8220;http:\/\/cover.fi\/wp-content\/uploads\/2018\/09\/cover-etusivu-v5.jpg&#8220; bg_position=&#8220;center center&#8220; bg_stretch=&#8220;true&#8220; enable_3d=&#8220;true&#8220; min_height=&#8220;475&#8243; full_width=&#8220;true&#8220; padding_top=&#8220;0&#8243; padding_bottom=&#8220;40&#8243; sidebar=&#8220;sidebar-1&#8243;][vc_column][\/vc_column][\/mk_page_section][vc_row][vc_column width=&#8220;1\/6&#8243;][\/vc_column][vc_column width=&#8220;2\/3&#8243;][mk_padding_divider][vc_column_text css=&#8220;.vc_custom_1551331990763{margin-bottom: 0px !important;}&#8220;] SEIT 1985 ZEITLOSE VERGLASUNGSL\u00d6SUNGEN AUS FINNLAND COVER ist weltweit der Pionier von rahmenlosen Balkonverglasungen. Wir sind dazu bestimmt, durch Transparenz den Alltag neu zu gestalten. Machen Sie mit! Wir sind motiviert, offen und positiv orientiert. Wir bieten Ihnen und [&hellip;]<\/p>\n","protected":false},"author":1,"featured_media":0,"parent":0,"menu_order":0,"comment_status":"closed","ping_status":"closed","template":"","meta":{"footnotes":""},"class_list":["post-374","page","type-page","status-publish","hentry"],"_links":{"self":[{"href":"https:\/\/www.coverlasitus.fi\/de\/wp-json\/wp\/v2\/pages\/374","targetHints":{"allow":["GET"]}}],"collection":[{"href":"https:\/\/www.coverlasitus.fi\/de\/wp-json\/wp\/v2\/pages"}],"about":[{"href":"https:\/\/www.coverlasitus.fi\/de\/wp-json\/wp\/v2\/types\/page"}],"author":[{"embeddable":true,"href":"https:\/\/www.coverlasitus.fi\/de\/wp-json\/wp\/v2\/users\/1"}],"replies":[{"embeddable":true,"href":"https:\/\/www.coverlasitus.fi\/de\/wp-json\/wp\/v2\/comments?post=374"}],"version-history":[{"count":0,"href":"https:\/\/www.coverlasitus.fi\/de\/wp-json\/wp\/v2\/pages\/374\/revisions"}],"wp:attachment":[{"href":"https:\/\/www.coverlasitus.fi\/de\/wp-json\/wp\/v2\/media?parent=374"}],"curies":[{"name":"wp","href":"https:\/\/api.w.org\/{rel}","templated":true}]}}